{"id":174389,"date":"2024-10-11T13:42:48","date_gmt":"2024-10-11T11:42:48","guid":{"rendered":"https:\/\/pop-co.fr\/index.php\/product\/pocky-snack-stick-fraise\/"},"modified":"2024-12-13T18:01:10","modified_gmt":"2024-12-13T17:01:10","slug":"pocky-snack-stick-fraise","status":"publish","type":"product","link":"https:\/\/pop-co.fr\/index.php\/product\/pocky-snack-stick-fraise\/","title":{"rendered":"POCKY &#8211; SNACK &#8211; Stick fraise"},"content":{"rendered":"<p>Ingr\u00e9dients: farine de bl\u00e9 41%, sucre, huile de palme, lactose, lait<br \/>\nen poudre, poudre de fraise, graisse de cuisson, colorant E162,<br \/>\n\u00e9mulsifiant E322(i), E471, r\u00e9gulateur d&rsquo;acidit\u00e9 E296, E524, agent<br \/>\nlevant E500(ii), stabilisant E1101(ii).<\/p>\n<p>Contient: bl\u00e9, soja, lait<br \/>\nPoids net<br \/>\n47g<\/p>\n","protected":false},"excerpt":{"rendered":"<p>Ingr\u00e9dients: farine de bl\u00e9 41%, sucre, huile de palme, lactose, lait en poudre, poudre de fraise, graisse de cuisson, colorant E162, \u00e9mulsifiant E322(i), E471, r\u00e9gulateur d&rsquo;acidit\u00e9 E296, E524, agent levant E500(ii), stabilisant E1101(ii). Contient: bl\u00e9, soja, lait Poids net 47g<\/p>\n","protected":false},"featured_media":235148,"comment_status":"open","ping_status":"closed","template":"","meta":[],"product_cat":[77],"product_tag":[],"aioseo_notices":[],"jetpack_sharing_enabled":true,"_links":{"self":[{"href":"https:\/\/pop-co.fr\/index.php\/wp-json\/wp\/v2\/product\/174389"}],"collection":[{"href":"https:\/\/pop-co.fr\/index.php\/wp-json\/wp\/v2\/product"}],"about":[{"href":"https:\/\/pop-co.fr\/index.php\/wp-json\/wp\/v2\/types\/product"}],"replies":[{"embeddable":true,"href":"https:\/\/pop-co.fr\/index.php\/wp-json\/wp\/v2\/comments?post=174389"}],"version-history":[{"count":0,"href":"https:\/\/pop-co.fr\/index.php\/wp-json\/wp\/v2\/product\/174389\/revisions"}],"wp:featuredmedia":[{"embeddable":true,"href":"https:\/\/pop-co.fr\/index.php\/wp-json\/wp\/v2\/media\/235148"}],"wp:attachment":[{"href":"https:\/\/pop-co.fr\/index.php\/wp-json\/wp\/v2\/media?parent=174389"}],"wp:term":[{"taxonomy":"product_cat","embeddable":true,"href":"https:\/\/pop-co.fr\/index.php\/wp-json\/wp\/v2\/product_cat?post=174389"},{"taxonomy":"product_tag","embeddable":true,"href":"https:\/\/pop-co.fr\/index.php\/wp-json\/wp\/v2\/product_tag?post=174389"}],"curies":[{"name":"wp","href":"https:\/\/api.w.org\/{rel}","templated":true}]}}