{"id":174391,"date":"2024-10-11T13:42:50","date_gmt":"2024-10-11T11:42:50","guid":{"rendered":"https:\/\/pop-co.fr\/index.php\/product\/mochi-cookies-snack-pepites-de-chocolat-et-matcha-120g\/"},"modified":"2025-06-28T12:18:48","modified_gmt":"2025-06-28T10:18:48","slug":"mochi-cookies-snack-pepites-de-chocolat-et-matcha-120g","status":"publish","type":"product","link":"https:\/\/pop-co.fr\/index.php\/product\/mochi-cookies-snack-pepites-de-chocolat-et-matcha-120g\/","title":{"rendered":"MOCHI COOKIES &#8211; SNACK &#8211; P\u00e9pites de chocolat et matcha 120g"},"content":{"rendered":"<p>Au top de la gourmandise, voici les MOCHI COOKIES<br \/>\nBANANA \u3082\u3061\u30af\u30c3\u30ad\u30fc\u30ba\u30d0\u30ca\u30ca : des cookies au cacao<br \/>\nrecouverts de p\u00e9pites de chocolat et fourr\u00e9s avec un mochi fondant<br \/>\n\u00e0 la banane. <\/p>\n<p>Vous allez adorer : la texture l\u00e9g\u00e8rement croquante des cookies<br \/>\nlaisse place au moelleux du mochi \u00e0 l&rsquo;int\u00e9rieur ! <\/p>\n<p>Emball\u00e9s individuellement, ces mochi se d\u00e9gustent directement sortis<br \/>\ndu sachet, pas besoin de les chauffer avant. <\/p>\n<p>INGR\u00c9DIENTS: <\/p>\n<p>Farine de bl\u00e9, riz gluant, \u00e9paississant E1442, maltose, sucre, sucre<br \/>\nbrun, margarine, huile v\u00e9g\u00e9tale ( palme), sel, l\u00e9cithine de soja<br \/>\nE322, ar\u00f4me artificiels, carot\u00e8ne, oeuf, poudre de lait entier,<br \/>\npoudre de cacao, ar\u00f4me artificiel de vaniline, levure chimique,<br \/>\nphosphate carot\u00e8ne E160a, \u00e9dulcorant E420,  <\/p>\n<p>ALLERG\u00c8NE: <\/p>\n<p>Contient des traces de lait, de bl\u00e9, d&rsquo;arachide, gluten, s\u00e9same,<br \/>\nsoja et noix. <\/p>\n<p>EMBALLAGE: <\/p>\n<p>Sachet plastique <\/p>\n<p>CONSERVATION: <\/p>\n<p>* Se conserve dans un lieu sec et frais avant et apr\u00e8s ouverture.<br \/>\n* Ne pas congeler<\/p>\n","protected":false},"excerpt":{"rendered":"<p>Au top de la gourmandise, voici les MOCHI COOKIES BANANA \u3082\u3061\u30af\u30c3\u30ad\u30fc\u30ba\u30d0\u30ca\u30ca : des cookies au cacao recouverts de p\u00e9pites de chocolat et fourr\u00e9s avec un mochi fondant \u00e0 la banane. Vous allez adorer : la texture l\u00e9g\u00e8rement croquante des cookies laisse place au moelleux du mochi \u00e0 l&rsquo;int\u00e9rieur ! Emball\u00e9s individuellement, ces mochi se d\u00e9gustent [&hellip;]<\/p>\n","protected":false},"featured_media":279998,"comment_status":"open","ping_status":"closed","template":"","meta":[],"product_cat":[77],"product_tag":[],"aioseo_notices":[],"jetpack_sharing_enabled":true,"_links":{"self":[{"href":"https:\/\/pop-co.fr\/index.php\/wp-json\/wp\/v2\/product\/174391"}],"collection":[{"href":"https:\/\/pop-co.fr\/index.php\/wp-json\/wp\/v2\/product"}],"about":[{"href":"https:\/\/pop-co.fr\/index.php\/wp-json\/wp\/v2\/types\/product"}],"replies":[{"embeddable":true,"href":"https:\/\/pop-co.fr\/index.php\/wp-json\/wp\/v2\/comments?post=174391"}],"version-history":[{"count":0,"href":"https:\/\/pop-co.fr\/index.php\/wp-json\/wp\/v2\/product\/174391\/revisions"}],"wp:featuredmedia":[{"embeddable":true,"href":"https:\/\/pop-co.fr\/index.php\/wp-json\/wp\/v2\/media\/279998"}],"wp:attachment":[{"href":"https:\/\/pop-co.fr\/index.php\/wp-json\/wp\/v2\/media?parent=174391"}],"wp:term":[{"taxonomy":"product_cat","embeddable":true,"href":"https:\/\/pop-co.fr\/index.php\/wp-json\/wp\/v2\/product_cat?post=174391"},{"taxonomy":"product_tag","embeddable":true,"href":"https:\/\/pop-co.fr\/index.php\/wp-json\/wp\/v2\/product_tag?post=174391"}],"curies":[{"name":"wp","href":"https:\/\/api.w.org\/{rel}","templated":true}]}}