{"id":174773,"date":"2024-10-11T15:38:57","date_gmt":"2024-10-11T13:38:57","guid":{"rendered":"https:\/\/pop-co.fr\/index.php\/product\/cendrier-poche-grendizer-goldorak-2\/"},"modified":"2025-09-15T18:07:43","modified_gmt":"2025-09-15T16:07:43","slug":"cendrier-poche-grendizer-goldorak-2","status":"publish","type":"product","link":"https:\/\/pop-co.fr\/index.php\/product\/cendrier-poche-grendizer-goldorak-2\/","title":{"rendered":"CENDRIER POCHE &#8211; GRENDIZER &#8211; Goldorak"},"content":{"rendered":"<p>El\u00e9gant, petit, pratique et \u00e9cologique, il n&rsquo;a que des avantages. Il se glisse facilement dans une poche et propose un repose cigarette. Ainsi, vous conservez vos m\u00e9gots et pourrez les jeter dans une poubelle.<\/p>\n<p>*Vendu \u00e0 l&rsquo;unit\u00e9<\/p>\n","protected":false},"excerpt":{"rendered":"<p>El\u00e9gant, petit, pratique et \u00e9cologique, il n&rsquo;a que des avantages. Il se glisse facilement dans une poche et propose un repose cigarette. Ainsi, vous conservez vos m\u00e9gots et pourrez les jeter dans une poubelle. *Vendu \u00e0 l&rsquo;unit\u00e9<\/p>\n","protected":false},"featured_media":358622,"comment_status":"open","ping_status":"closed","template":"","meta":[],"product_cat":[17,18],"product_tag":[],"aioseo_notices":[],"jetpack_sharing_enabled":true,"_links":{"self":[{"href":"https:\/\/pop-co.fr\/index.php\/wp-json\/wp\/v2\/product\/174773"}],"collection":[{"href":"https:\/\/pop-co.fr\/index.php\/wp-json\/wp\/v2\/product"}],"about":[{"href":"https:\/\/pop-co.fr\/index.php\/wp-json\/wp\/v2\/types\/product"}],"replies":[{"embeddable":true,"href":"https:\/\/pop-co.fr\/index.php\/wp-json\/wp\/v2\/comments?post=174773"}],"version-history":[{"count":0,"href":"https:\/\/pop-co.fr\/index.php\/wp-json\/wp\/v2\/product\/174773\/revisions"}],"wp:featuredmedia":[{"embeddable":true,"href":"https:\/\/pop-co.fr\/index.php\/wp-json\/wp\/v2\/media\/358622"}],"wp:attachment":[{"href":"https:\/\/pop-co.fr\/index.php\/wp-json\/wp\/v2\/media?parent=174773"}],"wp:term":[{"taxonomy":"product_cat","embeddable":true,"href":"https:\/\/pop-co.fr\/index.php\/wp-json\/wp\/v2\/product_cat?post=174773"},{"taxonomy":"product_tag","embeddable":true,"href":"https:\/\/pop-co.fr\/index.php\/wp-json\/wp\/v2\/product_tag?post=174773"}],"curies":[{"name":"wp","href":"https:\/\/api.w.org\/{rel}","templated":true}]}}