{"id":174785,"date":"2024-10-11T16:40:09","date_gmt":"2024-10-11T14:40:09","guid":{"rendered":"https:\/\/pop-co.fr\/index.php\/product\/briquet-zippo-grendizer-goldorak-3\/"},"modified":"2025-09-18T14:25:39","modified_gmt":"2025-09-18T12:25:39","slug":"briquet-zippo-grendizer-goldorak-3","status":"publish","type":"product","link":"https:\/\/pop-co.fr\/index.php\/product\/briquet-zippo-grendizer-goldorak-3\/","title":{"rendered":"BRIQUET ZIPPO &#8211; GRENDIZER &#8211; Goldorak"},"content":{"rendered":"<p>*Si non sp\u00e9cifi\u00e9 dans les commentaires (dans la limite des stocks disponibles), le mod\u00e8le sera envoy\u00e9e au hasard*<\/p>\n<p>Ce briquet \u00e0 double jet offre une puissance de flamme id\u00e9ale pour un usage en ext\u00e9rieur. Ce briquet fonctionne au gaz et est rechargeable par le dessous. Design original de grande qualit\u00e9<\/p>\n<p>*vendu \u00e0 l&rsquo;unit\u00e9<\/p>\n","protected":false},"excerpt":{"rendered":"<p>*Si non sp\u00e9cifi\u00e9 dans les commentaires (dans la limite des stocks disponibles), le mod\u00e8le sera envoy\u00e9e au hasard* Ce briquet \u00e0 double jet offre une puissance de flamme id\u00e9ale pour un usage en ext\u00e9rieur. Ce briquet fonctionne au gaz et est rechargeable par le dessous. Design original de grande qualit\u00e9 *vendu \u00e0 l&rsquo;unit\u00e9<\/p>\n","protected":false},"featured_media":358684,"comment_status":"open","ping_status":"closed","template":"","meta":[],"product_cat":[17,18],"product_tag":[],"aioseo_notices":[],"jetpack_sharing_enabled":true,"_links":{"self":[{"href":"https:\/\/pop-co.fr\/index.php\/wp-json\/wp\/v2\/product\/174785"}],"collection":[{"href":"https:\/\/pop-co.fr\/index.php\/wp-json\/wp\/v2\/product"}],"about":[{"href":"https:\/\/pop-co.fr\/index.php\/wp-json\/wp\/v2\/types\/product"}],"replies":[{"embeddable":true,"href":"https:\/\/pop-co.fr\/index.php\/wp-json\/wp\/v2\/comments?post=174785"}],"version-history":[{"count":0,"href":"https:\/\/pop-co.fr\/index.php\/wp-json\/wp\/v2\/product\/174785\/revisions"}],"wp:featuredmedia":[{"embeddable":true,"href":"https:\/\/pop-co.fr\/index.php\/wp-json\/wp\/v2\/media\/358684"}],"wp:attachment":[{"href":"https:\/\/pop-co.fr\/index.php\/wp-json\/wp\/v2\/media?parent=174785"}],"wp:term":[{"taxonomy":"product_cat","embeddable":true,"href":"https:\/\/pop-co.fr\/index.php\/wp-json\/wp\/v2\/product_cat?post=174785"},{"taxonomy":"product_tag","embeddable":true,"href":"https:\/\/pop-co.fr\/index.php\/wp-json\/wp\/v2\/product_tag?post=174785"}],"curies":[{"name":"wp","href":"https:\/\/api.w.org\/{rel}","templated":true}]}}