{"id":174797,"date":"2024-10-11T16:40:38","date_gmt":"2024-10-11T14:40:38","guid":{"rendered":"https:\/\/pop-co.fr\/index.php\/product\/briquet-usb-grendizer-goldorak-2\/"},"modified":"2025-09-16T14:52:21","modified_gmt":"2025-09-16T12:52:21","slug":"briquet-usb-grendizer-goldorak-2","status":"publish","type":"product","link":"https:\/\/pop-co.fr\/index.php\/product\/briquet-usb-grendizer-goldorak-2\/","title":{"rendered":"BRIQUET USB &#8211; GRENDIZER &#8211; Goldorak"},"content":{"rendered":"<p>*Si non sp\u00e9cifi\u00e9 dans les commentaires (dans la limite des stocks disponibles), le mod\u00e8le sera envoy\u00e9 au hasard*<\/p>\n<p>Briquet USB \u00e9lectronique rechargeable design, \u00e9l\u00e9gant<br \/>\nBriquet temp\u00eate coupe-vent sans gaz, sans flamme ni liquide<\/p>\n","protected":false},"excerpt":{"rendered":"<p>*Si non sp\u00e9cifi\u00e9 dans les commentaires (dans la limite des stocks disponibles), le mod\u00e8le sera envoy\u00e9 au hasard* Briquet USB \u00e9lectronique rechargeable design, \u00e9l\u00e9gant Briquet temp\u00eate coupe-vent sans gaz, sans flamme ni liquide<\/p>\n","protected":false},"featured_media":358646,"comment_status":"open","ping_status":"closed","template":"","meta":[],"product_cat":[17,18],"product_tag":[],"aioseo_notices":[],"jetpack_sharing_enabled":true,"_links":{"self":[{"href":"https:\/\/pop-co.fr\/index.php\/wp-json\/wp\/v2\/product\/174797"}],"collection":[{"href":"https:\/\/pop-co.fr\/index.php\/wp-json\/wp\/v2\/product"}],"about":[{"href":"https:\/\/pop-co.fr\/index.php\/wp-json\/wp\/v2\/types\/product"}],"replies":[{"embeddable":true,"href":"https:\/\/pop-co.fr\/index.php\/wp-json\/wp\/v2\/comments?post=174797"}],"version-history":[{"count":0,"href":"https:\/\/pop-co.fr\/index.php\/wp-json\/wp\/v2\/product\/174797\/revisions"}],"wp:featuredmedia":[{"embeddable":true,"href":"https:\/\/pop-co.fr\/index.php\/wp-json\/wp\/v2\/media\/358646"}],"wp:attachment":[{"href":"https:\/\/pop-co.fr\/index.php\/wp-json\/wp\/v2\/media?parent=174797"}],"wp:term":[{"taxonomy":"product_cat","embeddable":true,"href":"https:\/\/pop-co.fr\/index.php\/wp-json\/wp\/v2\/product_cat?post=174797"},{"taxonomy":"product_tag","embeddable":true,"href":"https:\/\/pop-co.fr\/index.php\/wp-json\/wp\/v2\/product_tag?post=174797"}],"curies":[{"name":"wp","href":"https:\/\/api.w.org\/{rel}","templated":true}]}}