{"id":175641,"date":"2024-10-12T14:30:35","date_gmt":"2024-10-12T12:30:35","guid":{"rendered":"https:\/\/pop-co.fr\/index.php\/product\/bandeau-cheveux-disney-jack-skellington-3\/"},"modified":"2025-09-18T15:23:04","modified_gmt":"2025-09-18T13:23:04","slug":"bandeau-cheveux-disney-jack-skellington-3","status":"publish","type":"product","link":"https:\/\/pop-co.fr\/index.php\/product\/bandeau-cheveux-disney-jack-skellington-3\/","title":{"rendered":"BANDEAU CHEVEUX &#8211; DISNEY &#8211; Jack Skellington"},"content":{"rendered":"<p>Ce bandeau inspir\u00e9 de Stitch est fabriqu\u00e9 \u00e0 partir d\u2019un tissu ultra doux qui est doux pour le visage et les cheveux.<\/p>\n","protected":false},"excerpt":{"rendered":"<p>Ce bandeau inspir\u00e9 de Stitch est fabriqu\u00e9 \u00e0 partir d\u2019un tissu ultra doux qui est doux pour le visage et les cheveux.<\/p>\n","protected":false},"featured_media":358687,"comment_status":"open","ping_status":"closed","template":"","meta":[],"product_cat":[31],"product_tag":[],"aioseo_notices":[],"jetpack_sharing_enabled":true,"_links":{"self":[{"href":"https:\/\/pop-co.fr\/index.php\/wp-json\/wp\/v2\/product\/175641"}],"collection":[{"href":"https:\/\/pop-co.fr\/index.php\/wp-json\/wp\/v2\/product"}],"about":[{"href":"https:\/\/pop-co.fr\/index.php\/wp-json\/wp\/v2\/types\/product"}],"replies":[{"embeddable":true,"href":"https:\/\/pop-co.fr\/index.php\/wp-json\/wp\/v2\/comments?post=175641"}],"version-history":[{"count":0,"href":"https:\/\/pop-co.fr\/index.php\/wp-json\/wp\/v2\/product\/175641\/revisions"}],"wp:featuredmedia":[{"embeddable":true,"href":"https:\/\/pop-co.fr\/index.php\/wp-json\/wp\/v2\/media\/358687"}],"wp:attachment":[{"href":"https:\/\/pop-co.fr\/index.php\/wp-json\/wp\/v2\/media?parent=175641"}],"wp:term":[{"taxonomy":"product_cat","embeddable":true,"href":"https:\/\/pop-co.fr\/index.php\/wp-json\/wp\/v2\/product_cat?post=175641"},{"taxonomy":"product_tag","embeddable":true,"href":"https:\/\/pop-co.fr\/index.php\/wp-json\/wp\/v2\/product_tag?post=175641"}],"curies":[{"name":"wp","href":"https:\/\/api.w.org\/{rel}","templated":true}]}}