{"id":175657,"date":"2024-10-12T14:30:45","date_gmt":"2024-10-12T12:30:45","guid":{"rendered":"https:\/\/pop-co.fr\/index.php\/product\/manucure-disney-autocollant-ongles-villain-3\/"},"modified":"2025-07-29T12:04:00","modified_gmt":"2025-07-29T10:04:00","slug":"manucure-disney-autocollant-ongles-villain-3","status":"publish","type":"product","link":"https:\/\/pop-co.fr\/index.php\/product\/manucure-disney-autocollant-ongles-villain-3\/","title":{"rendered":"MANUCURE &#8211; DISNEY &#8211; Autocollant ongles vilains"},"content":{"rendered":"<p>Regardez vos ongles transcender du mal au mal avec ces autocollants \u00e0 ongles changeants de couleur sensibles \u00e0 la chaleur. Regardez les m\u00e9chants appara\u00eetre comme par magie alors que vous exposez vos mains \u00e0 la chaleur !<\/p>\n","protected":false},"excerpt":{"rendered":"<p>Regardez vos ongles transcender du mal au mal avec ces autocollants \u00e0 ongles changeants de couleur sensibles \u00e0 la chaleur. Regardez les m\u00e9chants appara\u00eetre comme par magie alors que vous exposez vos mains \u00e0 la chaleur !<\/p>\n","protected":false},"featured_media":356688,"comment_status":"open","ping_status":"closed","template":"","meta":[],"product_cat":[29],"product_tag":[],"aioseo_notices":[],"jetpack_sharing_enabled":true,"_links":{"self":[{"href":"https:\/\/pop-co.fr\/index.php\/wp-json\/wp\/v2\/product\/175657"}],"collection":[{"href":"https:\/\/pop-co.fr\/index.php\/wp-json\/wp\/v2\/product"}],"about":[{"href":"https:\/\/pop-co.fr\/index.php\/wp-json\/wp\/v2\/types\/product"}],"replies":[{"embeddable":true,"href":"https:\/\/pop-co.fr\/index.php\/wp-json\/wp\/v2\/comments?post=175657"}],"version-history":[{"count":0,"href":"https:\/\/pop-co.fr\/index.php\/wp-json\/wp\/v2\/product\/175657\/revisions"}],"wp:featuredmedia":[{"embeddable":true,"href":"https:\/\/pop-co.fr\/index.php\/wp-json\/wp\/v2\/media\/356688"}],"wp:attachment":[{"href":"https:\/\/pop-co.fr\/index.php\/wp-json\/wp\/v2\/media?parent=175657"}],"wp:term":[{"taxonomy":"product_cat","embeddable":true,"href":"https:\/\/pop-co.fr\/index.php\/wp-json\/wp\/v2\/product_cat?post=175657"},{"taxonomy":"product_tag","embeddable":true,"href":"https:\/\/pop-co.fr\/index.php\/wp-json\/wp\/v2\/product_tag?post=175657"}],"curies":[{"name":"wp","href":"https:\/\/api.w.org\/{rel}","templated":true}]}}