{"id":17590,"date":"2024-02-20T23:43:44","date_gmt":"2024-02-20T22:43:44","guid":{"rendered":"https:\/\/pop-co.fr\/index.php\/product\/chibi-poster-one-piece-wanted-trafalgar-law-ancien-modele\/"},"modified":"2025-06-28T16:16:19","modified_gmt":"2025-06-28T14:16:19","slug":"chibi-poster-one-piece-wanted-trafalgar-law-ancien-modele","status":"publish","type":"product","link":"https:\/\/pop-co.fr\/index.php\/product\/chibi-poster-one-piece-wanted-trafalgar-law-ancien-modele\/","title":{"rendered":"CHIBI POSTER &#8211; ONE PIECE &#8211; Wanted Trafalgar Law (ancien format)"},"content":{"rendered":"<p>Docteur, pirate et capitaine de l\u2019\u00e9quipage des pirates Heart, Trafalgar Law fait partie de la \u00ab pire g\u00e9n\u00e9ration \u00bb. Dernier alli\u00e9 en date de Luffy, il n\u2019h\u00e9sitera pas \u00e0 vous d\u00e9couper si vous \u00eates sur sa route ! Retrouvez son avis de recherche \u00e0 500 000 000 de berries sur ce poster Wanted One Piece !<\/p>\n<p>&#8211; Excellent grammage : 170g\/m\u00b2 et pelliculage brillant. Impression haute qualit\u00e9 en offset.<br \/>\n&#8211; Les posters mesurent 52&#215;35 cm.<\/p>\n","protected":false},"excerpt":{"rendered":"<p>Docteur, pirate et capitaine de l\u2019\u00e9quipage des pirates Heart, Trafalgar Law fait partie de la \u00ab pire g\u00e9n\u00e9ration \u00bb. Dernier alli\u00e9 en date de Luffy, il n\u2019h\u00e9sitera pas \u00e0 vous d\u00e9couper si vous \u00eates sur sa route ! Retrouvez son avis de recherche \u00e0 500 000 000 de berries sur ce poster Wanted One Piece [&hellip;]<\/p>\n","protected":false},"featured_media":306859,"comment_status":"open","ping_status":"closed","template":"","meta":[],"product_cat":[76],"product_tag":[],"aioseo_notices":[],"jetpack_sharing_enabled":true,"_links":{"self":[{"href":"https:\/\/pop-co.fr\/index.php\/wp-json\/wp\/v2\/product\/17590"}],"collection":[{"href":"https:\/\/pop-co.fr\/index.php\/wp-json\/wp\/v2\/product"}],"about":[{"href":"https:\/\/pop-co.fr\/index.php\/wp-json\/wp\/v2\/types\/product"}],"replies":[{"embeddable":true,"href":"https:\/\/pop-co.fr\/index.php\/wp-json\/wp\/v2\/comments?post=17590"}],"version-history":[{"count":0,"href":"https:\/\/pop-co.fr\/index.php\/wp-json\/wp\/v2\/product\/17590\/revisions"}],"wp:featuredmedia":[{"embeddable":true,"href":"https:\/\/pop-co.fr\/index.php\/wp-json\/wp\/v2\/media\/306859"}],"wp:attachment":[{"href":"https:\/\/pop-co.fr\/index.php\/wp-json\/wp\/v2\/media?parent=17590"}],"wp:term":[{"taxonomy":"product_cat","embeddable":true,"href":"https:\/\/pop-co.fr\/index.php\/wp-json\/wp\/v2\/product_cat?post=17590"},{"taxonomy":"product_tag","embeddable":true,"href":"https:\/\/pop-co.fr\/index.php\/wp-json\/wp\/v2\/product_tag?post=17590"}],"curies":[{"name":"wp","href":"https:\/\/api.w.org\/{rel}","templated":true}]}}