{"id":17598,"date":"2024-02-20T23:43:54","date_gmt":"2024-02-20T22:43:54","guid":{"rendered":"https:\/\/pop-co.fr\/index.php\/product\/chibi-poster-one-piece-wanted-franky-ancien-modele\/"},"modified":"2025-06-28T16:16:25","modified_gmt":"2025-06-28T14:16:25","slug":"chibi-poster-one-piece-wanted-franky-ancien-modele","status":"publish","type":"product","link":"https:\/\/pop-co.fr\/index.php\/product\/chibi-poster-one-piece-wanted-franky-ancien-modele\/","title":{"rendered":"CHIBI POSTER &#8211; ONE PIECE &#8211; Wanted Franky (ancien format)"},"content":{"rendered":"<p>Retrouvez Franky en version New World sur ce poster One Piece Wanted avec une prime \u00e0 94 000 000 de berries.<br \/>\n&#8211; Excellent grammage : 170 g\/m\u00b2 et pelliculage brillant. Impression haute qualit\u00e9 en offset.<br \/>\n&#8211; Les posters mesurent 52 x 38 cm, en format portrait ou paysage selon les mod\u00e8les.<br \/>\n&#8211; Livr\u00e9 \u00e0 plat<\/p>\n","protected":false},"excerpt":{"rendered":"<p>Retrouvez Franky en version New World sur ce poster One Piece Wanted avec une prime \u00e0 94 000 000 de berries. &#8211; Excellent grammage : 170 g\/m\u00b2 et pelliculage brillant. Impression haute qualit\u00e9 en offset. &#8211; Les posters mesurent 52 x 38 cm, en format portrait ou paysage selon les mod\u00e8les. &#8211; Livr\u00e9 \u00e0 plat<\/p>\n","protected":false},"featured_media":306856,"comment_status":"open","ping_status":"closed","template":"","meta":[],"product_cat":[76],"product_tag":[],"aioseo_notices":[],"jetpack_sharing_enabled":true,"_links":{"self":[{"href":"https:\/\/pop-co.fr\/index.php\/wp-json\/wp\/v2\/product\/17598"}],"collection":[{"href":"https:\/\/pop-co.fr\/index.php\/wp-json\/wp\/v2\/product"}],"about":[{"href":"https:\/\/pop-co.fr\/index.php\/wp-json\/wp\/v2\/types\/product"}],"replies":[{"embeddable":true,"href":"https:\/\/pop-co.fr\/index.php\/wp-json\/wp\/v2\/comments?post=17598"}],"version-history":[{"count":0,"href":"https:\/\/pop-co.fr\/index.php\/wp-json\/wp\/v2\/product\/17598\/revisions"}],"wp:featuredmedia":[{"embeddable":true,"href":"https:\/\/pop-co.fr\/index.php\/wp-json\/wp\/v2\/media\/306856"}],"wp:attachment":[{"href":"https:\/\/pop-co.fr\/index.php\/wp-json\/wp\/v2\/media?parent=17598"}],"wp:term":[{"taxonomy":"product_cat","embeddable":true,"href":"https:\/\/pop-co.fr\/index.php\/wp-json\/wp\/v2\/product_cat?post=17598"},{"taxonomy":"product_tag","embeddable":true,"href":"https:\/\/pop-co.fr\/index.php\/wp-json\/wp\/v2\/product_tag?post=17598"}],"curies":[{"name":"wp","href":"https:\/\/api.w.org\/{rel}","templated":true}]}}