{"id":17602,"date":"2024-02-20T23:43:58","date_gmt":"2024-02-20T22:43:58","guid":{"rendered":"https:\/\/pop-co.fr\/index.php\/product\/chibi-poster-one-piece-wanted-portgas-d-ace-ancien-modele\/"},"modified":"2024-05-07T13:12:16","modified_gmt":"2024-05-07T11:12:16","slug":"chibi-poster-one-piece-wanted-portgas-d-ace-ancien-modele","status":"publish","type":"product","link":"https:\/\/pop-co.fr\/index.php\/product\/chibi-poster-one-piece-wanted-portgas-d-ace-ancien-modele\/","title":{"rendered":"CHIBI POSTER &#8211; ONE PIECE &#8211; Wanted Portgas D Ace (ancien mod\u00e8le)"},"content":{"rendered":"<p>Ace le fr\u00e8re de Luffy, un personnage embl\u00e9matique de la s\u00e9rie  vient rejoindre la collection de posters \u00ab\u00a0Wanted\u00a0\u00bb<\/p>\n<p>&#8211; Excellent grammage : 170g\/m\u00b2 et pelliculage brillant. Impression haute qualit\u00e9 en offset.<br \/>\n&#8211; Les posters mesurent 52&#215;35 cm.<\/p>\n","protected":false},"excerpt":{"rendered":"<p>Ace le fr\u00e8re de Luffy, un personnage embl\u00e9matique de la s\u00e9rie vient rejoindre la collection de posters \u00ab\u00a0Wanted\u00a0\u00bb &#8211; Excellent grammage : 170g\/m\u00b2 et pelliculage brillant. Impression haute qualit\u00e9 en offset. &#8211; Les posters mesurent 52&#215;35 cm.<\/p>\n","protected":false},"featured_media":17601,"comment_status":"open","ping_status":"closed","template":"","meta":[],"product_cat":[76,17,22],"product_tag":[],"aioseo_notices":[],"jetpack_sharing_enabled":true,"_links":{"self":[{"href":"https:\/\/pop-co.fr\/index.php\/wp-json\/wp\/v2\/product\/17602"}],"collection":[{"href":"https:\/\/pop-co.fr\/index.php\/wp-json\/wp\/v2\/product"}],"about":[{"href":"https:\/\/pop-co.fr\/index.php\/wp-json\/wp\/v2\/types\/product"}],"replies":[{"embeddable":true,"href":"https:\/\/pop-co.fr\/index.php\/wp-json\/wp\/v2\/comments?post=17602"}],"version-history":[{"count":0,"href":"https:\/\/pop-co.fr\/index.php\/wp-json\/wp\/v2\/product\/17602\/revisions"}],"wp:featuredmedia":[{"embeddable":true,"href":"https:\/\/pop-co.fr\/index.php\/wp-json\/wp\/v2\/media\/17601"}],"wp:attachment":[{"href":"https:\/\/pop-co.fr\/index.php\/wp-json\/wp\/v2\/media?parent=17602"}],"wp:term":[{"taxonomy":"product_cat","embeddable":true,"href":"https:\/\/pop-co.fr\/index.php\/wp-json\/wp\/v2\/product_cat?post=17602"},{"taxonomy":"product_tag","embeddable":true,"href":"https:\/\/pop-co.fr\/index.php\/wp-json\/wp\/v2\/product_tag?post=17602"}],"curies":[{"name":"wp","href":"https:\/\/api.w.org\/{rel}","templated":true}]}}