{"id":176770,"date":"2024-10-14T15:30:24","date_gmt":"2024-10-14T13:30:24","guid":{"rendered":"https:\/\/pop-co.fr\/index.php\/product\/porte-monnaie-betty-boop-betty-boop-motor\/"},"modified":"2025-07-29T12:04:45","modified_gmt":"2025-07-29T10:04:45","slug":"porte-monnaie-betty-boop-betty-boop-motor","status":"publish","type":"product","link":"https:\/\/pop-co.fr\/index.php\/product\/porte-monnaie-betty-boop-betty-boop-motor\/","title":{"rendered":"PORTE MONNAIE &#8211; BETTY BOOP &#8211; Betty Boop motor"},"content":{"rendered":"<p>orte-monnaie rond avec un seul compartiment et fermeture zipp\u00e9e. Doublure int\u00e9rieure et anneau pour attacher au sac.<br \/>\nDimensions<br \/>\n2,3 x 8,7 x 8,7 cm<br \/>\nPoids net<br \/>\n0,04<br \/>\nComposition<br \/>\nPVC, Polyest\u00e8re<\/p>\n","protected":false},"excerpt":{"rendered":"<p>orte-monnaie rond avec un seul compartiment et fermeture zipp\u00e9e. Doublure int\u00e9rieure et anneau pour attacher au sac. Dimensions 2,3 x 8,7 x 8,7 cm Poids net 0,04 Composition PVC, Polyest\u00e8re<\/p>\n","protected":false},"featured_media":356702,"comment_status":"open","ping_status":"closed","template":"","meta":[],"product_cat":[39],"product_tag":[],"aioseo_notices":[],"jetpack_sharing_enabled":true,"_links":{"self":[{"href":"https:\/\/pop-co.fr\/index.php\/wp-json\/wp\/v2\/product\/176770"}],"collection":[{"href":"https:\/\/pop-co.fr\/index.php\/wp-json\/wp\/v2\/product"}],"about":[{"href":"https:\/\/pop-co.fr\/index.php\/wp-json\/wp\/v2\/types\/product"}],"replies":[{"embeddable":true,"href":"https:\/\/pop-co.fr\/index.php\/wp-json\/wp\/v2\/comments?post=176770"}],"version-history":[{"count":0,"href":"https:\/\/pop-co.fr\/index.php\/wp-json\/wp\/v2\/product\/176770\/revisions"}],"wp:featuredmedia":[{"embeddable":true,"href":"https:\/\/pop-co.fr\/index.php\/wp-json\/wp\/v2\/media\/356702"}],"wp:attachment":[{"href":"https:\/\/pop-co.fr\/index.php\/wp-json\/wp\/v2\/media?parent=176770"}],"wp:term":[{"taxonomy":"product_cat","embeddable":true,"href":"https:\/\/pop-co.fr\/index.php\/wp-json\/wp\/v2\/product_cat?post=176770"},{"taxonomy":"product_tag","embeddable":true,"href":"https:\/\/pop-co.fr\/index.php\/wp-json\/wp\/v2\/product_tag?post=176770"}],"curies":[{"name":"wp","href":"https:\/\/api.w.org\/{rel}","templated":true}]}}