{"id":177580,"date":"2024-10-14T17:51:38","date_gmt":"2024-10-14T15:51:38","guid":{"rendered":"https:\/\/pop-co.fr\/index.php\/product\/porte-monnaie-naruto-akatsuki\/"},"modified":"2025-07-29T12:04:38","modified_gmt":"2025-07-29T10:04:38","slug":"porte-monnaie-naruto-akatsuki","status":"publish","type":"product","link":"https:\/\/pop-co.fr\/index.php\/product\/porte-monnaie-naruto-akatsuki\/","title":{"rendered":"PORTE MONNAIE &#8211; NARUTO &#8211; Akatsuki"},"content":{"rendered":"<p>Porte-monnaie rond avec un seul compartiment et fermeture zipp\u00e9e. Doublure int\u00e9rieure et anneau pour attacher au sac.<br \/>\nDimensions<br \/>\n2,3 x 8,7 x 8,7 cm<\/p>\n<p>Poids net<br \/>\n0,04<\/p>\n<p>Composition<br \/>\nPVC, Polyest\u00e8re<\/p>\n","protected":false},"excerpt":{"rendered":"<p>Porte-monnaie rond avec un seul compartiment et fermeture zipp\u00e9e. Doublure int\u00e9rieure et anneau pour attacher au sac. Dimensions 2,3 x 8,7 x 8,7 cm Poids net 0,04 Composition PVC, Polyest\u00e8re<\/p>\n","protected":false},"featured_media":356701,"comment_status":"open","ping_status":"closed","template":"","meta":[],"product_cat":[17,21],"product_tag":[],"aioseo_notices":[],"jetpack_sharing_enabled":true,"_links":{"self":[{"href":"https:\/\/pop-co.fr\/index.php\/wp-json\/wp\/v2\/product\/177580"}],"collection":[{"href":"https:\/\/pop-co.fr\/index.php\/wp-json\/wp\/v2\/product"}],"about":[{"href":"https:\/\/pop-co.fr\/index.php\/wp-json\/wp\/v2\/types\/product"}],"replies":[{"embeddable":true,"href":"https:\/\/pop-co.fr\/index.php\/wp-json\/wp\/v2\/comments?post=177580"}],"version-history":[{"count":0,"href":"https:\/\/pop-co.fr\/index.php\/wp-json\/wp\/v2\/product\/177580\/revisions"}],"wp:featuredmedia":[{"embeddable":true,"href":"https:\/\/pop-co.fr\/index.php\/wp-json\/wp\/v2\/media\/356701"}],"wp:attachment":[{"href":"https:\/\/pop-co.fr\/index.php\/wp-json\/wp\/v2\/media?parent=177580"}],"wp:term":[{"taxonomy":"product_cat","embeddable":true,"href":"https:\/\/pop-co.fr\/index.php\/wp-json\/wp\/v2\/product_cat?post=177580"},{"taxonomy":"product_tag","embeddable":true,"href":"https:\/\/pop-co.fr\/index.php\/wp-json\/wp\/v2\/product_tag?post=177580"}],"curies":[{"name":"wp","href":"https:\/\/api.w.org\/{rel}","templated":true}]}}