{"id":17774,"date":"2024-02-20T23:48:12","date_gmt":"2024-02-20T22:48:12","guid":{"rendered":"https:\/\/pop-co.fr\/index.php\/product\/mug-pokemon-pokeball\/"},"modified":"2025-06-28T16:18:58","modified_gmt":"2025-06-28T14:18:58","slug":"mug-pokemon-pokeball","status":"publish","type":"product","link":"https:\/\/pop-co.fr\/index.php\/product\/mug-pokemon-pokeball\/","title":{"rendered":"MUG &#8211; POKEMON &#8211; Pok\u00e9ball"},"content":{"rendered":"<p>Mug en c\u00e9ramique \u00e9l\u00e9gant id\u00e9al pour le petit-d\u00e9jeuner. D\u00e9cor\u00e9 avec des motifs subtils et originaux inspir\u00e9e de certaines des personnalit\u00e9s les plus c\u00e9l\u00e8bres du monde du cin\u00e9ma et de la t\u00e9l\u00e9vision.<\/p>\n<p>TASSE EN C\u00c9RAMIQUE STOR NOVA 360 ML DANS UNE BO\u00ceTE CADEAU POKEMON DISTORTION<br \/>\nPays de fabrication : Chine<br \/>\nMug en c\u00e9ramique \u00e9l\u00e9gant id\u00e9al pour le petit-d\u00e9jeuner. D\u00e9cor\u00e9 avec des motifs subtils et originaux inspir\u00e9e de certaines des personnalit\u00e9s les plus c\u00e9l\u00e8bres du monde du cin\u00e9ma et de la t\u00e9l\u00e9vision.<\/p>\n<p>TASSE EN C\u00c9RAMIQUE STOR NOVA 360 ML DANS UNE BO\u00ceTE CADEAU POKEMON DISTORTION<br \/>\nPays de fabrication : Chine<\/p>\n","protected":false},"excerpt":{"rendered":"<p>Mug en c\u00e9ramique \u00e9l\u00e9gant id\u00e9al pour le petit-d\u00e9jeuner. D\u00e9cor\u00e9 avec des motifs subtils et originaux inspir\u00e9e de certaines des personnalit\u00e9s les plus c\u00e9l\u00e8bres du monde du cin\u00e9ma et de la t\u00e9l\u00e9vision. TASSE EN C\u00c9RAMIQUE STOR NOVA 360 ML DANS UNE BO\u00ceTE CADEAU POKEMON DISTORTION Pays de fabrication : Chine Mug en c\u00e9ramique \u00e9l\u00e9gant id\u00e9al pour [&hellip;]<\/p>\n","protected":false},"featured_media":152841,"comment_status":"open","ping_status":"closed","template":"","meta":[],"product_cat":[34,20],"product_tag":[],"aioseo_notices":[],"jetpack_sharing_enabled":true,"_links":{"self":[{"href":"https:\/\/pop-co.fr\/index.php\/wp-json\/wp\/v2\/product\/17774"}],"collection":[{"href":"https:\/\/pop-co.fr\/index.php\/wp-json\/wp\/v2\/product"}],"about":[{"href":"https:\/\/pop-co.fr\/index.php\/wp-json\/wp\/v2\/types\/product"}],"replies":[{"embeddable":true,"href":"https:\/\/pop-co.fr\/index.php\/wp-json\/wp\/v2\/comments?post=17774"}],"version-history":[{"count":0,"href":"https:\/\/pop-co.fr\/index.php\/wp-json\/wp\/v2\/product\/17774\/revisions"}],"wp:featuredmedia":[{"embeddable":true,"href":"https:\/\/pop-co.fr\/index.php\/wp-json\/wp\/v2\/media\/152841"}],"wp:attachment":[{"href":"https:\/\/pop-co.fr\/index.php\/wp-json\/wp\/v2\/media?parent=17774"}],"wp:term":[{"taxonomy":"product_cat","embeddable":true,"href":"https:\/\/pop-co.fr\/index.php\/wp-json\/wp\/v2\/product_cat?post=17774"},{"taxonomy":"product_tag","embeddable":true,"href":"https:\/\/pop-co.fr\/index.php\/wp-json\/wp\/v2\/product_tag?post=17774"}],"curies":[{"name":"wp","href":"https:\/\/api.w.org\/{rel}","templated":true}]}}