{"id":17789,"date":"2024-02-20T23:48:27","date_gmt":"2024-02-20T22:48:27","guid":{"rendered":"https:\/\/pop-co.fr\/index.php\/product\/verres-x2-dragon-ball-insigne-kame-et-boules-de-cristal\/"},"modified":"2024-02-20T23:48:27","modified_gmt":"2024-02-20T22:48:27","slug":"verres-x2-dragon-ball-insigne-kame-et-boules-de-cristal","status":"publish","type":"product","link":"https:\/\/pop-co.fr\/index.php\/product\/verres-x2-dragon-ball-insigne-kame-et-boules-de-cristal\/","title":{"rendered":"VERRES X2 &#8211; DRAGON BALL &#8211; Insigne Kame et boules de cristal"},"content":{"rendered":"<p>des licences les plus c\u00e9l\u00e8bres. Fabriqu\u00e9 en verre borosilicat\u00e9 de haute qualit\u00e9<\/p>\n<p>Caract\u00e9ristiques :<br \/>\n&#8211; Capacit\u00e9 510 ml<br \/>\n&#8211; Sans BPA<br \/>\n&#8211; Effet m\u00e9tallique<br \/>\nPays de fabrication : Chine<br \/>\nEnsemble \u00e9l\u00e9gant de 2 gobelets en verre de forme ronde au format pratique et d\u00e9cor\u00e9s de certaines des licences les plus c\u00e9l\u00e8bres. Fabriqu\u00e9 en verre borosilicat\u00e9 de haute qualit\u00e9<\/p>\n","protected":false},"excerpt":{"rendered":"<p>des licences les plus c\u00e9l\u00e8bres. Fabriqu\u00e9 en verre borosilicat\u00e9 de haute qualit\u00e9 Caract\u00e9ristiques : &#8211; Capacit\u00e9 510 ml &#8211; Sans BPA &#8211; Effet m\u00e9tallique Pays de fabrication : Chine Ensemble \u00e9l\u00e9gant de 2 gobelets en verre de forme ronde au format pratique et d\u00e9cor\u00e9s de certaines des licences les plus c\u00e9l\u00e8bres. Fabriqu\u00e9 en verre borosilicat\u00e9 [&hellip;]<\/p>\n","protected":false},"featured_media":17786,"comment_status":"open","ping_status":"closed","template":"","meta":[],"product_cat":[17,23],"product_tag":[],"aioseo_notices":[],"jetpack_sharing_enabled":true,"_links":{"self":[{"href":"https:\/\/pop-co.fr\/index.php\/wp-json\/wp\/v2\/product\/17789"}],"collection":[{"href":"https:\/\/pop-co.fr\/index.php\/wp-json\/wp\/v2\/product"}],"about":[{"href":"https:\/\/pop-co.fr\/index.php\/wp-json\/wp\/v2\/types\/product"}],"replies":[{"embeddable":true,"href":"https:\/\/pop-co.fr\/index.php\/wp-json\/wp\/v2\/comments?post=17789"}],"version-history":[{"count":0,"href":"https:\/\/pop-co.fr\/index.php\/wp-json\/wp\/v2\/product\/17789\/revisions"}],"wp:featuredmedia":[{"embeddable":true,"href":"https:\/\/pop-co.fr\/index.php\/wp-json\/wp\/v2\/media\/17786"}],"wp:attachment":[{"href":"https:\/\/pop-co.fr\/index.php\/wp-json\/wp\/v2\/media?parent=17789"}],"wp:term":[{"taxonomy":"product_cat","embeddable":true,"href":"https:\/\/pop-co.fr\/index.php\/wp-json\/wp\/v2\/product_cat?post=17789"},{"taxonomy":"product_tag","embeddable":true,"href":"https:\/\/pop-co.fr\/index.php\/wp-json\/wp\/v2\/product_tag?post=17789"}],"curies":[{"name":"wp","href":"https:\/\/api.w.org\/{rel}","templated":true}]}}