{"id":17869,"date":"2024-02-20T23:49:45","date_gmt":"2024-02-20T22:49:45","guid":{"rendered":"https:\/\/pop-co.fr\/index.php\/product\/masque-lumineux-squid-game-triangle\/"},"modified":"2024-02-20T23:49:45","modified_gmt":"2024-02-20T22:49:45","slug":"masque-lumineux-squid-game-triangle","status":"publish","type":"product","link":"https:\/\/pop-co.fr\/index.php\/product\/masque-lumineux-squid-game-triangle\/","title":{"rendered":"MASQUE LUMINEUX &#8211; SQUID GAME &#8211; Triangle"},"content":{"rendered":"<p>Description du produit.<br \/>\nLe masque Squid Game carr\u00e9 lumineux s&rsquo;inspire d&rsquo;une \u00e9mission t\u00e9l\u00e9 \u00e0 succ\u00e8s et cr\u00e9era le frisson la nuit d&rsquo;Halloween.<\/p>\n<p>Il s&rsquo;agit d&rsquo;un demi-masque noir dont la surface est parcourue de minuscules trous et qui porte un symbole carr\u00e9 lumineux sur le front.<br \/>\nLe carr\u00e9 poss\u00e8de des LEDs de plusieurs couleurs qui fonctionnent \u00e0 l&rsquo;aide piles incluses dans le lot.<br \/>\nUn boitier int\u00e9gr\u00e9 permet de contr\u00f4ler les diff\u00e9rents modes de clignotement : lent, rapide et continu.<\/p>\n","protected":false},"excerpt":{"rendered":"<p>Description du produit. Le masque Squid Game carr\u00e9 lumineux s&rsquo;inspire d&rsquo;une \u00e9mission t\u00e9l\u00e9 \u00e0 succ\u00e8s et cr\u00e9era le frisson la nuit d&rsquo;Halloween. Il s&rsquo;agit d&rsquo;un demi-masque noir dont la surface est parcourue de minuscules trous et qui porte un symbole carr\u00e9 lumineux sur le front. Le carr\u00e9 poss\u00e8de des LEDs de plusieurs couleurs qui fonctionnent [&hellip;]<\/p>\n","protected":false},"featured_media":17868,"comment_status":"open","ping_status":"closed","template":"","meta":[],"product_cat":[39],"product_tag":[],"aioseo_notices":[],"jetpack_sharing_enabled":true,"_links":{"self":[{"href":"https:\/\/pop-co.fr\/index.php\/wp-json\/wp\/v2\/product\/17869"}],"collection":[{"href":"https:\/\/pop-co.fr\/index.php\/wp-json\/wp\/v2\/product"}],"about":[{"href":"https:\/\/pop-co.fr\/index.php\/wp-json\/wp\/v2\/types\/product"}],"replies":[{"embeddable":true,"href":"https:\/\/pop-co.fr\/index.php\/wp-json\/wp\/v2\/comments?post=17869"}],"version-history":[{"count":0,"href":"https:\/\/pop-co.fr\/index.php\/wp-json\/wp\/v2\/product\/17869\/revisions"}],"wp:featuredmedia":[{"embeddable":true,"href":"https:\/\/pop-co.fr\/index.php\/wp-json\/wp\/v2\/media\/17868"}],"wp:attachment":[{"href":"https:\/\/pop-co.fr\/index.php\/wp-json\/wp\/v2\/media?parent=17869"}],"wp:term":[{"taxonomy":"product_cat","embeddable":true,"href":"https:\/\/pop-co.fr\/index.php\/wp-json\/wp\/v2\/product_cat?post=17869"},{"taxonomy":"product_tag","embeddable":true,"href":"https:\/\/pop-co.fr\/index.php\/wp-json\/wp\/v2\/product_tag?post=17869"}],"curies":[{"name":"wp","href":"https:\/\/api.w.org\/{rel}","templated":true}]}}