{"id":17884,"date":"2024-02-20T23:50:02","date_gmt":"2024-02-20T22:50:02","guid":{"rendered":"https:\/\/pop-co.fr\/index.php\/product\/masque-squid-game-triangle\/"},"modified":"2024-02-20T23:50:02","modified_gmt":"2024-02-20T22:50:02","slug":"masque-squid-game-triangle","status":"publish","type":"product","link":"https:\/\/pop-co.fr\/index.php\/product\/masque-squid-game-triangle\/","title":{"rendered":"MASQUE &#8211; SQUID GAME &#8211; Triangle"},"content":{"rendered":"<p>Entrez dans le jeu avec les masques Squid Game.<br \/>\nSquid Game est une s\u00e9rie t\u00e9l\u00e9vis\u00e9e dramatique de survie sud-cor\u00e9enne en streaming. Inspir\u00e9s fortement de la culture cor\u00e9enne, les costumes de la s\u00e9rie ont rapidement \u00e9t\u00e9 utilis\u00e9 comme des costumes Cosplay, permettant d&rsquo;entrer dans le jeu de r\u00f4les cosplay des personnages Squid Game. Cette s\u00e9rie est \u00e9crite et r\u00e9alis\u00e9e par Hwang Dong-hyeok. Elle est devenue tr\u00e8s populaire depuis sa diffusion sur la plateforme streaming Netflix est s&rsquo;est class\u00e9 rapidement parmi les s\u00e9ries les plus visionn\u00e9 de tous les temps.<\/p>\n<p>Achetez un masque de garde Squid Game.<br \/>\nVous souhaitez r\u00e9aliser l&rsquo;achat d&rsquo;un masque noir Squid Game ? France Effect vous propose 3 masques Squid Game diff\u00e9rents : masque rond, triangle ou carr\u00e9. Le masque squid game noir sera parfait pour compl\u00e9ter votre costume. <\/p>\n<p>Nous vous proposons le masque Squid game pas cher disponible d\u00e8s 14,90 euros.<\/p>\n<p>Costume de Squid Game pour Halloween.<br \/>\nLe d\u00e9guisement squid Game est devenu tr\u00e8s populaire depuis la diffusion de la s\u00e9rie sur Netflix. Le d\u00e9guisement complet d&rsquo;un soldat Squid game se compose d&rsquo;un costume avec capuche dans les tons rouge\/bordeaux et d&rsquo;un masque noir avec en motif une forme : rond, triangle ou carr\u00e9.<\/p>\n<p>Vous pouvez \u00e9galement opter pour le costume d&rsquo;un joueur comme celui de Seong Gi-Hum portant un surv\u00eatement vert fonc\u00e9 avec l&rsquo;inscription num\u00e9ro 456.<\/p>\n<p>Vous l&rsquo;aurez compris, cette s\u00e9rie bouleversera votre d\u00e9guisement Halloween pour cette ann\u00e9e 2021.<\/p>\n<p>Signification des masques Squid Game :<br \/>\nVous pourrez faire votre achat de masque Squid Game avec le meilleur choix possible chez France Effect. Nous vous proposons 4 versions diff\u00e9rentes. Le masque recouvrant le visage des gardiens des lieux permet de cacher leur personnalit\u00e9, afin de dissimuler tout type d&rsquo;\u00e9motion et ainsi ne pas influencer le jeu.<\/p>\n<p>Chaque masque poss\u00e8de un r\u00f4le et une signification diff\u00e9rente en fonction de la figure g\u00e9om\u00e9trique inscrite dessus. Rond, cercle ou carr\u00e9, ces figures sont issus du jeu de calamar tr\u00e8s populaire en Cor\u00e9e du Sud, pour dessiner le corps de l\u2019animal aquatique au sol.<\/p>\n<p>Le masque noir avec un cercle permet d&rsquo;identifier les travailleurs.<br \/>\nLe masque noir avec un triangle permet d&rsquo;identifier les soldats.<br \/>\nLe masque noir avec un carr\u00e9 permet d&rsquo;identifier les surveillants.<br \/>\nLe masque noir avec facettes permet de dissimuler le chef des surveillants.<br \/>\nCaract\u00e9ristiques techniques<br \/>\nMasque th\u00e8me Squid Game<br \/>\n4 options de masque noir disponibles : carr\u00e9, rond, triangle ou chef<br \/>\nCouleur : noir<br \/>\nTaille: adulte<br \/>\nMati\u00e8re : plastique<br \/>\nNon r\u00e9tractable<br \/>\nParfait pour compl\u00e9ter votre costume Squid Game<\/p>\n","protected":false},"excerpt":{"rendered":"<p>Entrez dans le jeu avec les masques Squid Game. Squid Game est une s\u00e9rie t\u00e9l\u00e9vis\u00e9e dramatique de survie sud-cor\u00e9enne en streaming. Inspir\u00e9s fortement de la culture cor\u00e9enne, les costumes de la s\u00e9rie ont rapidement \u00e9t\u00e9 utilis\u00e9 comme des costumes Cosplay, permettant d&rsquo;entrer dans le jeu de r\u00f4les cosplay des personnages Squid Game. Cette s\u00e9rie est [&hellip;]<\/p>\n","protected":false},"featured_media":17882,"comment_status":"open","ping_status":"closed","template":"","meta":[],"product_cat":[39],"product_tag":[],"aioseo_notices":[],"jetpack_sharing_enabled":true,"_links":{"self":[{"href":"https:\/\/pop-co.fr\/index.php\/wp-json\/wp\/v2\/product\/17884"}],"collection":[{"href":"https:\/\/pop-co.fr\/index.php\/wp-json\/wp\/v2\/product"}],"about":[{"href":"https:\/\/pop-co.fr\/index.php\/wp-json\/wp\/v2\/types\/product"}],"replies":[{"embeddable":true,"href":"https:\/\/pop-co.fr\/index.php\/wp-json\/wp\/v2\/comments?post=17884"}],"version-history":[{"count":0,"href":"https:\/\/pop-co.fr\/index.php\/wp-json\/wp\/v2\/product\/17884\/revisions"}],"wp:featuredmedia":[{"embeddable":true,"href":"https:\/\/pop-co.fr\/index.php\/wp-json\/wp\/v2\/media\/17882"}],"wp:attachment":[{"href":"https:\/\/pop-co.fr\/index.php\/wp-json\/wp\/v2\/media?parent=17884"}],"wp:term":[{"taxonomy":"product_cat","embeddable":true,"href":"https:\/\/pop-co.fr\/index.php\/wp-json\/wp\/v2\/product_cat?post=17884"},{"taxonomy":"product_tag","embeddable":true,"href":"https:\/\/pop-co.fr\/index.php\/wp-json\/wp\/v2\/product_tag?post=17884"}],"curies":[{"name":"wp","href":"https:\/\/api.w.org\/{rel}","templated":true}]}}