{"id":17929,"date":"2024-02-20T23:50:51","date_gmt":"2024-02-20T22:50:51","guid":{"rendered":"https:\/\/pop-co.fr\/index.php\/product\/chibi-poster-demon-slayer-kamado-tanjiro-et-kamado-nezuko-2\/"},"modified":"2025-06-28T16:19:46","modified_gmt":"2025-06-28T14:19:46","slug":"chibi-poster-demon-slayer-kamado-tanjiro-et-kamado-nezuko-2","status":"publish","type":"product","link":"https:\/\/pop-co.fr\/index.php\/product\/chibi-poster-demon-slayer-kamado-tanjiro-et-kamado-nezuko-2\/","title":{"rendered":"CHIBI POSTER &#8211; DEMON SLAYER &#8211; Kamado Tanjiro et Kamado Nezuko"},"content":{"rendered":"<p>Dans les \u00e9preuves, il faut se serrer les coudes ! Tanjiro et Nezuko le savent bien, et se soutiendront mutuellement jusqu\u2019\u00e0 trouver un rem\u00e8de et rendre \u00e0 Nezuko son humanit\u00e9 ! En attendant, ils ne resteront pas les bras crois\u00e9s, et pourfendront du d\u00e9mon ! Retrouvez-les sur ce poster Demon Slayer !<\/p>\n<p>&#8211; Excellent grammage : 170 g\/m\u00b2 et pelliculage brillant. Impression haute qualit\u00e9 en offset.<br \/>\n&#8211; Les posters mesurent 52 x 38 cm, en format portrait ou paysage selon les mod\u00e8les.<\/p>\n","protected":false},"excerpt":{"rendered":"<p>Dans les \u00e9preuves, il faut se serrer les coudes ! Tanjiro et Nezuko le savent bien, et se soutiendront mutuellement jusqu\u2019\u00e0 trouver un rem\u00e8de et rendre \u00e0 Nezuko son humanit\u00e9 ! En attendant, ils ne resteront pas les bras crois\u00e9s, et pourfendront du d\u00e9mon ! Retrouvez-les sur ce poster Demon Slayer ! &#8211; Excellent grammage [&hellip;]<\/p>\n","protected":false},"featured_media":152878,"comment_status":"open","ping_status":"closed","template":"","meta":[],"product_cat":[76],"product_tag":[],"aioseo_notices":[],"jetpack_sharing_enabled":true,"_links":{"self":[{"href":"https:\/\/pop-co.fr\/index.php\/wp-json\/wp\/v2\/product\/17929"}],"collection":[{"href":"https:\/\/pop-co.fr\/index.php\/wp-json\/wp\/v2\/product"}],"about":[{"href":"https:\/\/pop-co.fr\/index.php\/wp-json\/wp\/v2\/types\/product"}],"replies":[{"embeddable":true,"href":"https:\/\/pop-co.fr\/index.php\/wp-json\/wp\/v2\/comments?post=17929"}],"version-history":[{"count":0,"href":"https:\/\/pop-co.fr\/index.php\/wp-json\/wp\/v2\/product\/17929\/revisions"}],"wp:featuredmedia":[{"embeddable":true,"href":"https:\/\/pop-co.fr\/index.php\/wp-json\/wp\/v2\/media\/152878"}],"wp:attachment":[{"href":"https:\/\/pop-co.fr\/index.php\/wp-json\/wp\/v2\/media?parent=17929"}],"wp:term":[{"taxonomy":"product_cat","embeddable":true,"href":"https:\/\/pop-co.fr\/index.php\/wp-json\/wp\/v2\/product_cat?post=17929"},{"taxonomy":"product_tag","embeddable":true,"href":"https:\/\/pop-co.fr\/index.php\/wp-json\/wp\/v2\/product_tag?post=17929"}],"curies":[{"name":"wp","href":"https:\/\/api.w.org\/{rel}","templated":true}]}}