{"id":1798,"date":"2024-02-20T17:48:40","date_gmt":"2024-02-20T16:48:40","guid":{"rendered":"https:\/\/pop-co.fr\/index.php\/product\/pokemon-gemstone-vol-2-figurine-mystere\/"},"modified":"2025-09-13T14:01:32","modified_gmt":"2025-09-13T12:01:32","slug":"pokemon-gemstone-vol-2-figurine-mystere","status":"publish","type":"product","link":"https:\/\/pop-co.fr\/index.php\/product\/pokemon-gemstone-vol-2-figurine-mystere\/","title":{"rendered":"POKEMON &#8211; Gemstone 2 &#8211; Figurine myst\u00e8re rement"},"content":{"rendered":"<p>*ATTENTION PRODUIT AL\u00c9ATOIRE NE POUVANT \u00caTRE RETOURN\u00c9*<\/p>\n<p>Figurine PVC taille 5-7 cm, en emballages bo\u00eete-myst\u00e8re.<\/p>\n","protected":false},"excerpt":{"rendered":"<p>*ATTENTION PRODUIT AL\u00c9ATOIRE NE POUVANT \u00caTRE RETOURN\u00c9* Figurine PVC taille 5-7 cm, en emballages bo\u00eete-myst\u00e8re.<\/p>\n","protected":false},"featured_media":358473,"comment_status":"open","ping_status":"closed","template":"","meta":[],"product_cat":[34,20],"product_tag":[],"aioseo_notices":[],"jetpack_sharing_enabled":true,"_links":{"self":[{"href":"https:\/\/pop-co.fr\/index.php\/wp-json\/wp\/v2\/product\/1798"}],"collection":[{"href":"https:\/\/pop-co.fr\/index.php\/wp-json\/wp\/v2\/product"}],"about":[{"href":"https:\/\/pop-co.fr\/index.php\/wp-json\/wp\/v2\/types\/product"}],"replies":[{"embeddable":true,"href":"https:\/\/pop-co.fr\/index.php\/wp-json\/wp\/v2\/comments?post=1798"}],"version-history":[{"count":0,"href":"https:\/\/pop-co.fr\/index.php\/wp-json\/wp\/v2\/product\/1798\/revisions"}],"wp:featuredmedia":[{"embeddable":true,"href":"https:\/\/pop-co.fr\/index.php\/wp-json\/wp\/v2\/media\/358473"}],"wp:attachment":[{"href":"https:\/\/pop-co.fr\/index.php\/wp-json\/wp\/v2\/media?parent=1798"}],"wp:term":[{"taxonomy":"product_cat","embeddable":true,"href":"https:\/\/pop-co.fr\/index.php\/wp-json\/wp\/v2\/product_cat?post=1798"},{"taxonomy":"product_tag","embeddable":true,"href":"https:\/\/pop-co.fr\/index.php\/wp-json\/wp\/v2\/product_tag?post=1798"}],"curies":[{"name":"wp","href":"https:\/\/api.w.org\/{rel}","templated":true}]}}