{"id":18166,"date":"2024-02-20T23:55:07","date_gmt":"2024-02-20T22:55:07","guid":{"rendered":"https:\/\/pop-co.fr\/index.php\/product\/verre-mha-midoriya-izuku-deku\/"},"modified":"2025-06-28T16:21:15","modified_gmt":"2025-06-28T14:21:15","slug":"verre-mha-midoriya-izuku-deku","status":"publish","type":"product","link":"https:\/\/pop-co.fr\/index.php\/product\/verre-mha-midoriya-izuku-deku\/","title":{"rendered":"VERRE &#8211; MHA &#8211; Midoriya Izuku (Deku)"},"content":{"rendered":"<p>Ne criez jamais \u00ab\u00a0Detroit smash !\u00a0\u00bb \u00e0 pleins poumons la gorge s\u00e8che gr\u00e2ce \u00e0 ce verre My Hero Academia. <\/p>\n<p>&#8211; Verre haute qualit\u00e9.<br \/>\n&#8211; Contenance : 29 cl.<br \/>\n&#8211; Tenue d&rsquo;impression exceptionnelle : r\u00e9siste \u00e0 plus de 700 cycles au lave-vaisselle.<br \/>\n&#8211; Dimensions : Hauteur 14 cm &#8211; Diam\u00e8tre 6 cm.<\/p>\n","protected":false},"excerpt":{"rendered":"<p>Ne criez jamais \u00ab\u00a0Detroit smash !\u00a0\u00bb \u00e0 pleins poumons la gorge s\u00e8che gr\u00e2ce \u00e0 ce verre My Hero Academia. &#8211; Verre haute qualit\u00e9. &#8211; Contenance : 29 cl. &#8211; Tenue d&rsquo;impression exceptionnelle : r\u00e9siste \u00e0 plus de 700 cycles au lave-vaisselle. &#8211; Dimensions : Hauteur 14 cm &#8211; Diam\u00e8tre 6 cm.<\/p>\n","protected":false},"featured_media":152879,"comment_status":"open","ping_status":"closed","template":"","meta":[],"product_cat":[17,26],"product_tag":[],"aioseo_notices":[],"jetpack_sharing_enabled":true,"_links":{"self":[{"href":"https:\/\/pop-co.fr\/index.php\/wp-json\/wp\/v2\/product\/18166"}],"collection":[{"href":"https:\/\/pop-co.fr\/index.php\/wp-json\/wp\/v2\/product"}],"about":[{"href":"https:\/\/pop-co.fr\/index.php\/wp-json\/wp\/v2\/types\/product"}],"replies":[{"embeddable":true,"href":"https:\/\/pop-co.fr\/index.php\/wp-json\/wp\/v2\/comments?post=18166"}],"version-history":[{"count":0,"href":"https:\/\/pop-co.fr\/index.php\/wp-json\/wp\/v2\/product\/18166\/revisions"}],"wp:featuredmedia":[{"embeddable":true,"href":"https:\/\/pop-co.fr\/index.php\/wp-json\/wp\/v2\/media\/152879"}],"wp:attachment":[{"href":"https:\/\/pop-co.fr\/index.php\/wp-json\/wp\/v2\/media?parent=18166"}],"wp:term":[{"taxonomy":"product_cat","embeddable":true,"href":"https:\/\/pop-co.fr\/index.php\/wp-json\/wp\/v2\/product_cat?post=18166"},{"taxonomy":"product_tag","embeddable":true,"href":"https:\/\/pop-co.fr\/index.php\/wp-json\/wp\/v2\/product_tag?post=18166"}],"curies":[{"name":"wp","href":"https:\/\/api.w.org\/{rel}","templated":true}]}}