{"id":18172,"date":"2024-02-20T23:55:14","date_gmt":"2024-02-20T22:55:14","guid":{"rendered":"https:\/\/pop-co.fr\/index.php\/product\/naruto-hatake-kakashi-figurine-sfc-17cm\/"},"modified":"2025-06-28T16:21:18","modified_gmt":"2025-06-28T14:21:18","slug":"naruto-hatake-kakashi-figurine-sfc-17cm","status":"publish","type":"product","link":"https:\/\/pop-co.fr\/index.php\/product\/naruto-hatake-kakashi-figurine-sfc-17cm\/","title":{"rendered":"NARUTO &#8211; Hatake Kakashi &#8211; Figurine SFC 17cm"},"content":{"rendered":"<p>Grand adepte de la technique des Mille oiseaux, le l\u00e9gendaire ma\u00eetre ninja de la Team 7 se joint \u00e0 la gamme SFC ! Son kunai en main et son sharingan apparent, Kakashi est pr\u00eat \u00e0 tout pour d\u00e9fendre ses amis. <\/p>\n<p>&#8211; Figurine de la gamme Super Figure Collection<br \/>\n&#8211; Figurine en PVC<br \/>\n&#8211; Socle travaill\u00e9 avec l&#8217;embl\u00e8me de Konoha<br \/>\n&#8211; Produit 100 % officiel<br \/>\n&#8211; Dimensions : Hauteur 17 cm<br \/>\n&#8211; Echelle : 1\/10\u00e8me<\/p>\n","protected":false},"excerpt":{"rendered":"<p>Grand adepte de la technique des Mille oiseaux, le l\u00e9gendaire ma\u00eetre ninja de la Team 7 se joint \u00e0 la gamme SFC ! Son kunai en main et son sharingan apparent, Kakashi est pr\u00eat \u00e0 tout pour d\u00e9fendre ses amis. &#8211; Figurine de la gamme Super Figure Collection &#8211; Figurine en PVC &#8211; Socle travaill\u00e9 [&hellip;]<\/p>\n","protected":false},"featured_media":327198,"comment_status":"open","ping_status":"closed","template":"","meta":[],"product_cat":[17,21],"product_tag":[],"aioseo_notices":[],"jetpack_sharing_enabled":true,"_links":{"self":[{"href":"https:\/\/pop-co.fr\/index.php\/wp-json\/wp\/v2\/product\/18172"}],"collection":[{"href":"https:\/\/pop-co.fr\/index.php\/wp-json\/wp\/v2\/product"}],"about":[{"href":"https:\/\/pop-co.fr\/index.php\/wp-json\/wp\/v2\/types\/product"}],"replies":[{"embeddable":true,"href":"https:\/\/pop-co.fr\/index.php\/wp-json\/wp\/v2\/comments?post=18172"}],"version-history":[{"count":0,"href":"https:\/\/pop-co.fr\/index.php\/wp-json\/wp\/v2\/product\/18172\/revisions"}],"wp:featuredmedia":[{"embeddable":true,"href":"https:\/\/pop-co.fr\/index.php\/wp-json\/wp\/v2\/media\/327198"}],"wp:attachment":[{"href":"https:\/\/pop-co.fr\/index.php\/wp-json\/wp\/v2\/media?parent=18172"}],"wp:term":[{"taxonomy":"product_cat","embeddable":true,"href":"https:\/\/pop-co.fr\/index.php\/wp-json\/wp\/v2\/product_cat?post=18172"},{"taxonomy":"product_tag","embeddable":true,"href":"https:\/\/pop-co.fr\/index.php\/wp-json\/wp\/v2\/product_tag?post=18172"}],"curies":[{"name":"wp","href":"https:\/\/api.w.org\/{rel}","templated":true}]}}