{"id":18174,"date":"2024-02-20T23:55:17","date_gmt":"2024-02-20T22:55:17","guid":{"rendered":"https:\/\/pop-co.fr\/index.php\/product\/chibi-poster-mha-personnages\/"},"modified":"2025-08-26T15:34:27","modified_gmt":"2025-08-26T13:34:27","slug":"chibi-poster-mha-personnages","status":"publish","type":"product","link":"https:\/\/pop-co.fr\/index.php\/product\/chibi-poster-mha-personnages\/","title":{"rendered":"CHIBI POSTER &#8211; MHA &#8211; Personnages"},"content":{"rendered":"<p>Devenir le num\u00e9ro 1, aider ses parents ou suivre les traces de son idole de toujours, chacun poursuit son propre r\u00eave. Retrouvez les h\u00e9ros d\u2019aujourd\u2019hui et de demain sur ce poster My Hero Academia ! <\/p>\n<p>&#8211; Excellent grammage : 170 g\/m\u00b2 et pelliculage brillant. Impression haute qualit\u00e9 en offset.<br \/>\n&#8211; Les posters mesurent 52 x 38 cm, en format portrait ou paysage selon les mod\u00e8les.<\/p>\n","protected":false},"excerpt":{"rendered":"<p>Devenir le num\u00e9ro 1, aider ses parents ou suivre les traces de son idole de toujours, chacun poursuit son propre r\u00eave. Retrouvez les h\u00e9ros d\u2019aujourd\u2019hui et de demain sur ce poster My Hero Academia ! &#8211; Excellent grammage : 170 g\/m\u00b2 et pelliculage brillant. Impression haute qualit\u00e9 en offset. &#8211; Les posters mesurent 52 x [&hellip;]<\/p>\n","protected":false},"featured_media":357823,"comment_status":"open","ping_status":"closed","template":"","meta":[],"product_cat":[76],"product_tag":[],"aioseo_notices":[],"jetpack_sharing_enabled":true,"_links":{"self":[{"href":"https:\/\/pop-co.fr\/index.php\/wp-json\/wp\/v2\/product\/18174"}],"collection":[{"href":"https:\/\/pop-co.fr\/index.php\/wp-json\/wp\/v2\/product"}],"about":[{"href":"https:\/\/pop-co.fr\/index.php\/wp-json\/wp\/v2\/types\/product"}],"replies":[{"embeddable":true,"href":"https:\/\/pop-co.fr\/index.php\/wp-json\/wp\/v2\/comments?post=18174"}],"version-history":[{"count":0,"href":"https:\/\/pop-co.fr\/index.php\/wp-json\/wp\/v2\/product\/18174\/revisions"}],"wp:featuredmedia":[{"embeddable":true,"href":"https:\/\/pop-co.fr\/index.php\/wp-json\/wp\/v2\/media\/357823"}],"wp:attachment":[{"href":"https:\/\/pop-co.fr\/index.php\/wp-json\/wp\/v2\/media?parent=18174"}],"wp:term":[{"taxonomy":"product_cat","embeddable":true,"href":"https:\/\/pop-co.fr\/index.php\/wp-json\/wp\/v2\/product_cat?post=18174"},{"taxonomy":"product_tag","embeddable":true,"href":"https:\/\/pop-co.fr\/index.php\/wp-json\/wp\/v2\/product_tag?post=18174"}],"curies":[{"name":"wp","href":"https:\/\/api.w.org\/{rel}","templated":true}]}}