{"id":18223,"date":"2024-02-20T23:56:13","date_gmt":"2024-02-20T22:56:13","guid":{"rendered":"https:\/\/pop-co.fr\/index.php\/product\/dc-green-lantern-bendyfigs\/"},"modified":"2025-06-28T16:21:45","modified_gmt":"2025-06-28T14:21:45","slug":"dc-green-lantern-bendyfigs","status":"publish","type":"product","link":"https:\/\/pop-co.fr\/index.php\/product\/dc-green-lantern-bendyfigs\/","title":{"rendered":"DC &#8211; Green lantern &#8211; Bendyfigs"},"content":{"rendered":"<p>Une figurine de votre Hero pr\u00e9f\u00e9r\u00e9 : Green Lantern  ! <\/p>\n<p>Hauteur : 18 cm<br \/>\nMati\u00e8re : PVC<\/p>\n","protected":false},"excerpt":{"rendered":"<p>Une figurine de votre Hero pr\u00e9f\u00e9r\u00e9 : Green Lantern ! Hauteur : 18 cm Mati\u00e8re : PVC<\/p>\n","protected":false},"featured_media":152895,"comment_status":"open","ping_status":"closed","template":"","meta":[],"product_cat":[39,41],"product_tag":[],"aioseo_notices":[],"jetpack_sharing_enabled":true,"_links":{"self":[{"href":"https:\/\/pop-co.fr\/index.php\/wp-json\/wp\/v2\/product\/18223"}],"collection":[{"href":"https:\/\/pop-co.fr\/index.php\/wp-json\/wp\/v2\/product"}],"about":[{"href":"https:\/\/pop-co.fr\/index.php\/wp-json\/wp\/v2\/types\/product"}],"replies":[{"embeddable":true,"href":"https:\/\/pop-co.fr\/index.php\/wp-json\/wp\/v2\/comments?post=18223"}],"version-history":[{"count":0,"href":"https:\/\/pop-co.fr\/index.php\/wp-json\/wp\/v2\/product\/18223\/revisions"}],"wp:featuredmedia":[{"embeddable":true,"href":"https:\/\/pop-co.fr\/index.php\/wp-json\/wp\/v2\/media\/152895"}],"wp:attachment":[{"href":"https:\/\/pop-co.fr\/index.php\/wp-json\/wp\/v2\/media?parent=18223"}],"wp:term":[{"taxonomy":"product_cat","embeddable":true,"href":"https:\/\/pop-co.fr\/index.php\/wp-json\/wp\/v2\/product_cat?post=18223"},{"taxonomy":"product_tag","embeddable":true,"href":"https:\/\/pop-co.fr\/index.php\/wp-json\/wp\/v2\/product_tag?post=18223"}],"curies":[{"name":"wp","href":"https:\/\/api.w.org\/{rel}","templated":true}]}}