{"id":18331,"date":"2024-02-20T23:58:50","date_gmt":"2024-02-20T22:58:50","guid":{"rendered":"https:\/\/pop-co.fr\/index.php\/product\/bougies-x10-dc-wonder-woman-anniversaire\/"},"modified":"2025-07-29T10:12:11","modified_gmt":"2025-07-29T08:12:11","slug":"bougies-x10-dc-wonder-woman-anniversaire","status":"publish","type":"product","link":"https:\/\/pop-co.fr\/index.php\/product\/bougies-x10-dc-wonder-woman-anniversaire\/","title":{"rendered":"BOUGIES X10 &#8211; DC &#8211; Wonder woman (anniversaire)"},"content":{"rendered":"<p>Un anniversaire avec pour th\u00e8me les super h\u00e9ros ? retrouvez ce magnifique lot de 10 bougies d&rsquo;anniversaire aux couleurs de Wonderwoman votre h\u00e9ro\u00efne pr\u00e9f\u00e9r\u00e9e !<\/p>\n<p>Set 10 bougies Anniversaire :<br \/>\n100% cire<br \/>\nKit de 10 bougies Wonderwoman<br \/>\n5 mod\u00e8les diff\u00e9rents dans le set<br \/>\nHauteur 7 cm<br \/>\nDiam\u00e8tre de logo 2 cm<\/p>\n","protected":false},"excerpt":{"rendered":"<p>Un anniversaire avec pour th\u00e8me les super h\u00e9ros ? retrouvez ce magnifique lot de 10 bougies d&rsquo;anniversaire aux couleurs de Wonderwoman votre h\u00e9ro\u00efne pr\u00e9f\u00e9r\u00e9e ! Set 10 bougies Anniversaire : 100% cire Kit de 10 bougies Wonderwoman 5 mod\u00e8les diff\u00e9rents dans le set Hauteur 7 cm Diam\u00e8tre de logo 2 cm<\/p>\n","protected":false},"featured_media":355368,"comment_status":"open","ping_status":"closed","template":"","meta":[],"product_cat":[39,41],"product_tag":[],"aioseo_notices":[],"jetpack_sharing_enabled":true,"_links":{"self":[{"href":"https:\/\/pop-co.fr\/index.php\/wp-json\/wp\/v2\/product\/18331"}],"collection":[{"href":"https:\/\/pop-co.fr\/index.php\/wp-json\/wp\/v2\/product"}],"about":[{"href":"https:\/\/pop-co.fr\/index.php\/wp-json\/wp\/v2\/types\/product"}],"replies":[{"embeddable":true,"href":"https:\/\/pop-co.fr\/index.php\/wp-json\/wp\/v2\/comments?post=18331"}],"version-history":[{"count":0,"href":"https:\/\/pop-co.fr\/index.php\/wp-json\/wp\/v2\/product\/18331\/revisions"}],"wp:featuredmedia":[{"embeddable":true,"href":"https:\/\/pop-co.fr\/index.php\/wp-json\/wp\/v2\/media\/355368"}],"wp:attachment":[{"href":"https:\/\/pop-co.fr\/index.php\/wp-json\/wp\/v2\/media?parent=18331"}],"wp:term":[{"taxonomy":"product_cat","embeddable":true,"href":"https:\/\/pop-co.fr\/index.php\/wp-json\/wp\/v2\/product_cat?post=18331"},{"taxonomy":"product_tag","embeddable":true,"href":"https:\/\/pop-co.fr\/index.php\/wp-json\/wp\/v2\/product_tag?post=18331"}],"curies":[{"name":"wp","href":"https:\/\/api.w.org\/{rel}","templated":true}]}}