{"id":18336,"date":"2024-02-20T23:58:55","date_gmt":"2024-02-20T22:58:55","guid":{"rendered":"https:\/\/pop-co.fr\/index.php\/product\/bougies-x10-dc-superman-anniversaire\/"},"modified":"2025-07-29T10:12:05","modified_gmt":"2025-07-29T08:12:05","slug":"bougies-x10-dc-superman-anniversaire","status":"publish","type":"product","link":"https:\/\/pop-co.fr\/index.php\/product\/bougies-x10-dc-superman-anniversaire\/","title":{"rendered":"BOUGIES X10 &#8211; DC &#8211; Superman (anniversaire)"},"content":{"rendered":"<p>Un anniversaire avec pour th\u00e8me les super h\u00e9ros ? retrouvez ce magnifique lot de 10 bougies d&rsquo;anniversaire aux couleurs de Superman votre h\u00e9ros pr\u00e9f\u00e9r\u00e9!<\/p>\n<p>Lot de 10 bougies Anniversaire :<br \/>\n100% cire<br \/>\nKit de 10 bougies Superman<br \/>\n5 mod\u00e8les diff\u00e9rents dans le set<br \/>\nHauteur 7 cm<br \/>\nDiam\u00e8tre de logo 2 cm<\/p>\n","protected":false},"excerpt":{"rendered":"<p>Un anniversaire avec pour th\u00e8me les super h\u00e9ros ? retrouvez ce magnifique lot de 10 bougies d&rsquo;anniversaire aux couleurs de Superman votre h\u00e9ros pr\u00e9f\u00e9r\u00e9! Lot de 10 bougies Anniversaire : 100% cire Kit de 10 bougies Superman 5 mod\u00e8les diff\u00e9rents dans le set Hauteur 7 cm Diam\u00e8tre de logo 2 cm<\/p>\n","protected":false},"featured_media":355364,"comment_status":"open","ping_status":"closed","template":"","meta":[],"product_cat":[39,41],"product_tag":[],"aioseo_notices":[],"jetpack_sharing_enabled":true,"_links":{"self":[{"href":"https:\/\/pop-co.fr\/index.php\/wp-json\/wp\/v2\/product\/18336"}],"collection":[{"href":"https:\/\/pop-co.fr\/index.php\/wp-json\/wp\/v2\/product"}],"about":[{"href":"https:\/\/pop-co.fr\/index.php\/wp-json\/wp\/v2\/types\/product"}],"replies":[{"embeddable":true,"href":"https:\/\/pop-co.fr\/index.php\/wp-json\/wp\/v2\/comments?post=18336"}],"version-history":[{"count":0,"href":"https:\/\/pop-co.fr\/index.php\/wp-json\/wp\/v2\/product\/18336\/revisions"}],"wp:featuredmedia":[{"embeddable":true,"href":"https:\/\/pop-co.fr\/index.php\/wp-json\/wp\/v2\/media\/355364"}],"wp:attachment":[{"href":"https:\/\/pop-co.fr\/index.php\/wp-json\/wp\/v2\/media?parent=18336"}],"wp:term":[{"taxonomy":"product_cat","embeddable":true,"href":"https:\/\/pop-co.fr\/index.php\/wp-json\/wp\/v2\/product_cat?post=18336"},{"taxonomy":"product_tag","embeddable":true,"href":"https:\/\/pop-co.fr\/index.php\/wp-json\/wp\/v2\/product_tag?post=18336"}],"curies":[{"name":"wp","href":"https:\/\/api.w.org\/{rel}","templated":true}]}}