{"id":18345,"date":"2024-02-20T23:59:03","date_gmt":"2024-02-20T22:59:03","guid":{"rendered":"https:\/\/pop-co.fr\/index.php\/product\/tampons-cookies-silicone-x5-dc-justice-league\/"},"modified":"2025-07-29T10:11:58","modified_gmt":"2025-07-29T08:11:58","slug":"tampons-cookies-silicone-x5-dc-justice-league","status":"publish","type":"product","link":"https:\/\/pop-co.fr\/index.php\/product\/tampons-cookies-silicone-x5-dc-justice-league\/","title":{"rendered":"TAMPONS COOKIES SILICONE X5 &#8211; DC &#8211; Justice League"},"content":{"rendered":"<p>Ces tampons sont aussi tr\u00e8s simples d&rsquo;utilisation sur une p\u00e2te pour biscuit. Ce kit complet vous permettra d&rsquo;organiser des f\u00eates sur le th\u00e8me super h\u00e9ros en un rien de temps !<\/p>\n<p>Avec un seul set, vous pouvez faire des biscuits avec 5 motifs diff\u00e9rents: Superman, Batman, Wonder Woman, The Flash and Aquaman. La Ligue des justiciers au complet sera avec vous pour votre anniversaire ou pour n&rsquo;importe quel jour o\u00f9 vous avez envie de manger des cookies.<\/p>\n","protected":false},"excerpt":{"rendered":"<p>Ces tampons sont aussi tr\u00e8s simples d&rsquo;utilisation sur une p\u00e2te pour biscuit. Ce kit complet vous permettra d&rsquo;organiser des f\u00eates sur le th\u00e8me super h\u00e9ros en un rien de temps ! Avec un seul set, vous pouvez faire des biscuits avec 5 motifs diff\u00e9rents: Superman, Batman, Wonder Woman, The Flash and Aquaman. La Ligue des [&hellip;]<\/p>\n","protected":false},"featured_media":355361,"comment_status":"open","ping_status":"closed","template":"","meta":[],"product_cat":[39,41],"product_tag":[],"aioseo_notices":[],"jetpack_sharing_enabled":true,"_links":{"self":[{"href":"https:\/\/pop-co.fr\/index.php\/wp-json\/wp\/v2\/product\/18345"}],"collection":[{"href":"https:\/\/pop-co.fr\/index.php\/wp-json\/wp\/v2\/product"}],"about":[{"href":"https:\/\/pop-co.fr\/index.php\/wp-json\/wp\/v2\/types\/product"}],"replies":[{"embeddable":true,"href":"https:\/\/pop-co.fr\/index.php\/wp-json\/wp\/v2\/comments?post=18345"}],"version-history":[{"count":0,"href":"https:\/\/pop-co.fr\/index.php\/wp-json\/wp\/v2\/product\/18345\/revisions"}],"wp:featuredmedia":[{"embeddable":true,"href":"https:\/\/pop-co.fr\/index.php\/wp-json\/wp\/v2\/media\/355361"}],"wp:attachment":[{"href":"https:\/\/pop-co.fr\/index.php\/wp-json\/wp\/v2\/media?parent=18345"}],"wp:term":[{"taxonomy":"product_cat","embeddable":true,"href":"https:\/\/pop-co.fr\/index.php\/wp-json\/wp\/v2\/product_cat?post=18345"},{"taxonomy":"product_tag","embeddable":true,"href":"https:\/\/pop-co.fr\/index.php\/wp-json\/wp\/v2\/product_tag?post=18345"}],"curies":[{"name":"wp","href":"https:\/\/api.w.org\/{rel}","templated":true}]}}