{"id":18473,"date":"2024-02-21T00:03:15","date_gmt":"2024-02-20T23:03:15","guid":{"rendered":"https:\/\/pop-co.fr\/index.php\/product\/chibi-poster-one-piece-wanted-monkey-d-luffy-ancien-modele\/"},"modified":"2024-05-06T19:28:00","modified_gmt":"2024-05-06T17:28:00","slug":"chibi-poster-one-piece-wanted-monkey-d-luffy-ancien-modele","status":"publish","type":"product","link":"https:\/\/pop-co.fr\/index.php\/product\/chibi-poster-one-piece-wanted-monkey-d-luffy-ancien-modele\/","title":{"rendered":"CHIBI POSTER &#8211; ONE PIECE &#8211; Wanted Monkey D Luffy (ancien mod\u00e8le)"},"content":{"rendered":"<p>Retrouvez Luffy apr\u00e8s ses exploits sur le territoire de Big Mom sur ce poster Wanted One Piece avec une prime extraordinaire \u00e0 1 500 000 000 de berries.<\/p>\n<p>&#8211; Excellent grammage : 170 g\/m\u00b2 et pelliculage brillant. Impression haute qualit\u00e9 en offset.<br \/>\n&#8211; Les posters mesurent 52 x 35 cm, en format portrait ou paysage selon les mod\u00e8les.<\/p>\n","protected":false},"excerpt":{"rendered":"<p>Retrouvez Luffy apr\u00e8s ses exploits sur le territoire de Big Mom sur ce poster Wanted One Piece avec une prime extraordinaire \u00e0 1 500 000 000 de berries. &#8211; Excellent grammage : 170 g\/m\u00b2 et pelliculage brillant. Impression haute qualit\u00e9 en offset. &#8211; Les posters mesurent 52 x 35 cm, en format portrait ou paysage [&hellip;]<\/p>\n","protected":false},"featured_media":18472,"comment_status":"open","ping_status":"closed","template":"","meta":[],"product_cat":[17,22,76],"product_tag":[],"aioseo_notices":[],"jetpack_sharing_enabled":true,"_links":{"self":[{"href":"https:\/\/pop-co.fr\/index.php\/wp-json\/wp\/v2\/product\/18473"}],"collection":[{"href":"https:\/\/pop-co.fr\/index.php\/wp-json\/wp\/v2\/product"}],"about":[{"href":"https:\/\/pop-co.fr\/index.php\/wp-json\/wp\/v2\/types\/product"}],"replies":[{"embeddable":true,"href":"https:\/\/pop-co.fr\/index.php\/wp-json\/wp\/v2\/comments?post=18473"}],"version-history":[{"count":0,"href":"https:\/\/pop-co.fr\/index.php\/wp-json\/wp\/v2\/product\/18473\/revisions"}],"wp:featuredmedia":[{"embeddable":true,"href":"https:\/\/pop-co.fr\/index.php\/wp-json\/wp\/v2\/media\/18472"}],"wp:attachment":[{"href":"https:\/\/pop-co.fr\/index.php\/wp-json\/wp\/v2\/media?parent=18473"}],"wp:term":[{"taxonomy":"product_cat","embeddable":true,"href":"https:\/\/pop-co.fr\/index.php\/wp-json\/wp\/v2\/product_cat?post=18473"},{"taxonomy":"product_tag","embeddable":true,"href":"https:\/\/pop-co.fr\/index.php\/wp-json\/wp\/v2\/product_tag?post=18473"}],"curies":[{"name":"wp","href":"https:\/\/api.w.org\/{rel}","templated":true}]}}