{"id":18479,"date":"2024-02-21T00:03:23","date_gmt":"2024-02-20T23:03:23","guid":{"rendered":"https:\/\/pop-co.fr\/index.php\/product\/naruto-uzumaki-naruto-shippuden-figurine-sfc-17cm\/"},"modified":"2025-07-29T10:11:13","modified_gmt":"2025-07-29T08:11:13","slug":"naruto-uzumaki-naruto-shippuden-figurine-sfc-17cm","status":"publish","type":"product","link":"https:\/\/pop-co.fr\/index.php\/product\/naruto-uzumaki-naruto-shippuden-figurine-sfc-17cm\/","title":{"rendered":"NARUTO &#8211; Uzumaki Naruto (Shippuden) &#8211; Figurine SFC 17cm"},"content":{"rendered":"<p>Naruto Uzumaki, le jeune h\u00e9ros tout droit venu de Konoha, vient rejoindre la gamme SFC ! Accompagn\u00e9 de ses deux kunais, vous trouverez le plus embl\u00e9matique personnage du manga dans une position dynamique sur son socle personnalis\u00e9. <\/p>\n<p>&#8211; Figurine de la gamme Super Figure Collection range<br \/>\n&#8211; Figurine en PVC<br \/>\n&#8211; Socle travaill\u00e9 avec l&#8217;embl\u00e8me de Konoha<br \/>\n&#8211; Packaging \u00e0 la licence<br \/>\n&#8211; Produit 100 % officiel<br \/>\n&#8211; Dimensions : Hauteur 17 cm<br \/>\n&#8211; Echelle : 1\/10\u00e8me<\/p>\n","protected":false},"excerpt":{"rendered":"<p>Naruto Uzumaki, le jeune h\u00e9ros tout droit venu de Konoha, vient rejoindre la gamme SFC ! Accompagn\u00e9 de ses deux kunais, vous trouverez le plus embl\u00e9matique personnage du manga dans une position dynamique sur son socle personnalis\u00e9. &#8211; Figurine de la gamme Super Figure Collection range &#8211; Figurine en PVC &#8211; Socle travaill\u00e9 avec l&#8217;embl\u00e8me [&hellip;]<\/p>\n","protected":false},"featured_media":355358,"comment_status":"open","ping_status":"closed","template":"","meta":[],"product_cat":[17,21],"product_tag":[],"aioseo_notices":[],"jetpack_sharing_enabled":true,"_links":{"self":[{"href":"https:\/\/pop-co.fr\/index.php\/wp-json\/wp\/v2\/product\/18479"}],"collection":[{"href":"https:\/\/pop-co.fr\/index.php\/wp-json\/wp\/v2\/product"}],"about":[{"href":"https:\/\/pop-co.fr\/index.php\/wp-json\/wp\/v2\/types\/product"}],"replies":[{"embeddable":true,"href":"https:\/\/pop-co.fr\/index.php\/wp-json\/wp\/v2\/comments?post=18479"}],"version-history":[{"count":0,"href":"https:\/\/pop-co.fr\/index.php\/wp-json\/wp\/v2\/product\/18479\/revisions"}],"wp:featuredmedia":[{"embeddable":true,"href":"https:\/\/pop-co.fr\/index.php\/wp-json\/wp\/v2\/media\/355358"}],"wp:attachment":[{"href":"https:\/\/pop-co.fr\/index.php\/wp-json\/wp\/v2\/media?parent=18479"}],"wp:term":[{"taxonomy":"product_cat","embeddable":true,"href":"https:\/\/pop-co.fr\/index.php\/wp-json\/wp\/v2\/product_cat?post=18479"},{"taxonomy":"product_tag","embeddable":true,"href":"https:\/\/pop-co.fr\/index.php\/wp-json\/wp\/v2\/product_tag?post=18479"}],"curies":[{"name":"wp","href":"https:\/\/api.w.org\/{rel}","templated":true}]}}