{"id":185337,"date":"2024-10-23T15:33:36","date_gmt":"2024-10-23T13:33:36","guid":{"rendered":"https:\/\/pop-co.fr\/index.php\/product\/cendrier-poussoir-grendizer-goldorak-2\/"},"modified":"2025-08-18T09:54:51","modified_gmt":"2025-08-18T07:54:51","slug":"cendrier-poussoir-grendizer-goldorak-2","status":"publish","type":"product","link":"https:\/\/pop-co.fr\/index.php\/product\/cendrier-poussoir-grendizer-goldorak-2\/","title":{"rendered":"CENDRIER POUSSOIR &#8211; GRENDIZER &#8211; Goldorak"},"content":{"rendered":"<p>Cendrier poussoir Goldorak carr\u00e9<br \/>\n*Vendu \u00e0 l&rsquo;unit\u00e9<\/p>\n","protected":false},"excerpt":{"rendered":"<p>Cendrier poussoir Goldorak carr\u00e9 *Vendu \u00e0 l&rsquo;unit\u00e9<\/p>\n","protected":false},"featured_media":357411,"comment_status":"open","ping_status":"closed","template":"","meta":[],"product_cat":[18,17],"product_tag":[],"aioseo_notices":[],"jetpack_sharing_enabled":true,"_links":{"self":[{"href":"https:\/\/pop-co.fr\/index.php\/wp-json\/wp\/v2\/product\/185337"}],"collection":[{"href":"https:\/\/pop-co.fr\/index.php\/wp-json\/wp\/v2\/product"}],"about":[{"href":"https:\/\/pop-co.fr\/index.php\/wp-json\/wp\/v2\/types\/product"}],"replies":[{"embeddable":true,"href":"https:\/\/pop-co.fr\/index.php\/wp-json\/wp\/v2\/comments?post=185337"}],"version-history":[{"count":0,"href":"https:\/\/pop-co.fr\/index.php\/wp-json\/wp\/v2\/product\/185337\/revisions"}],"wp:featuredmedia":[{"embeddable":true,"href":"https:\/\/pop-co.fr\/index.php\/wp-json\/wp\/v2\/media\/357411"}],"wp:attachment":[{"href":"https:\/\/pop-co.fr\/index.php\/wp-json\/wp\/v2\/media?parent=185337"}],"wp:term":[{"taxonomy":"product_cat","embeddable":true,"href":"https:\/\/pop-co.fr\/index.php\/wp-json\/wp\/v2\/product_cat?post=185337"},{"taxonomy":"product_tag","embeddable":true,"href":"https:\/\/pop-co.fr\/index.php\/wp-json\/wp\/v2\/product_tag?post=185337"}],"curies":[{"name":"wp","href":"https:\/\/api.w.org\/{rel}","templated":true}]}}