{"id":187875,"date":"2024-10-23T18:40:55","date_gmt":"2024-10-23T16:40:55","guid":{"rendered":"https:\/\/pop-co.fr\/index.php\/product\/photophore-alice-disney\/"},"modified":"2025-06-28T12:13:12","modified_gmt":"2025-06-28T10:13:12","slug":"photophore-alice-disney","status":"publish","type":"product","link":"https:\/\/pop-co.fr\/index.php\/product\/photophore-alice-disney\/","title":{"rendered":"PHOTOPHORE &#8211; DISNEY &#8211; Alice au pays des merveilles"},"content":{"rendered":"<p>Un ensemble de 2 photophores Disney Alice au pays des merveilles, produits sous licence officielle con\u00e7us sur mesure pour les superfans. <\/p>\n<p>Fabriqu\u00e9 en c\u00e9ramique avec une finition \u00e9maill\u00e9e et en rose et bleu. Cet ensemble est une c\u00e9l\u00e9bration de ce conte fantastique avec de superbes illustrations en blanc.<\/p>\n<p>Plein d&rsquo;originalit\u00e9 et de design moderne, ces supports font partie d&rsquo;une collection plus vaste. La collection comprend des cadres photo, des bougies, des vases et bien plus encore, cr\u00e9ant un th\u00e8me coh\u00e9rent et magique pour les passionn\u00e9s de Disney.<\/p>\n","protected":false},"excerpt":{"rendered":"<p>Un ensemble de 2 photophores Disney Alice au pays des merveilles, produits sous licence officielle con\u00e7us sur mesure pour les superfans. Fabriqu\u00e9 en c\u00e9ramique avec une finition \u00e9maill\u00e9e et en rose et bleu. Cet ensemble est une c\u00e9l\u00e9bration de ce conte fantastique avec de superbes illustrations en blanc. Plein d&rsquo;originalit\u00e9 et de design moderne, ces [&hellip;]<\/p>\n","protected":false},"featured_media":282982,"comment_status":"open","ping_status":"closed","template":"","meta":[],"product_cat":[29],"product_tag":[],"aioseo_notices":[],"jetpack_sharing_enabled":true,"_links":{"self":[{"href":"https:\/\/pop-co.fr\/index.php\/wp-json\/wp\/v2\/product\/187875"}],"collection":[{"href":"https:\/\/pop-co.fr\/index.php\/wp-json\/wp\/v2\/product"}],"about":[{"href":"https:\/\/pop-co.fr\/index.php\/wp-json\/wp\/v2\/types\/product"}],"replies":[{"embeddable":true,"href":"https:\/\/pop-co.fr\/index.php\/wp-json\/wp\/v2\/comments?post=187875"}],"version-history":[{"count":0,"href":"https:\/\/pop-co.fr\/index.php\/wp-json\/wp\/v2\/product\/187875\/revisions"}],"wp:featuredmedia":[{"embeddable":true,"href":"https:\/\/pop-co.fr\/index.php\/wp-json\/wp\/v2\/media\/282982"}],"wp:attachment":[{"href":"https:\/\/pop-co.fr\/index.php\/wp-json\/wp\/v2\/media?parent=187875"}],"wp:term":[{"taxonomy":"product_cat","embeddable":true,"href":"https:\/\/pop-co.fr\/index.php\/wp-json\/wp\/v2\/product_cat?post=187875"},{"taxonomy":"product_tag","embeddable":true,"href":"https:\/\/pop-co.fr\/index.php\/wp-json\/wp\/v2\/product_tag?post=187875"}],"curies":[{"name":"wp","href":"https:\/\/api.w.org\/{rel}","templated":true}]}}