{"id":187987,"date":"2024-10-23T18:42:52","date_gmt":"2024-10-23T16:42:52","guid":{"rendered":"https:\/\/pop-co.fr\/index.php\/product\/mug-disney-bambi-dreams-et-wishes-12\/"},"modified":"2025-06-28T12:15:32","modified_gmt":"2025-06-28T10:15:32","slug":"mug-disney-bambi-dreams-et-wishes-12","status":"publish","type":"product","link":"https:\/\/pop-co.fr\/index.php\/product\/mug-disney-bambi-dreams-et-wishes-12\/","title":{"rendered":"MUG &#8211; DISNEY &#8211; Bambi dreams et wishes"},"content":{"rendered":"<p>Un mug Bambi de la marque DISNEY\u00ae.<\/p>\n<p>Ce charmant mug de Magical Beginnings c\u00e9l\u00e8bre l&rsquo;enchantement de Bambi, l&rsquo;un des personnages les plus embl\u00e9matiques de Disney. <\/p>\n<p>La porcelaine blanche a une finition brillante et pr\u00e9sente un croquis original du film classique de Disney, ainsi que l&rsquo;inscription \u00ab R\u00eaves et souhaits \u00bb en lettres dor\u00e9es. Il est con\u00e7u comme un objet de collection, ainsi que pour un usage quotidien pour les fans de Disney et constitue \u00e9galement un cadeau id\u00e9al pour comm\u00e9morer des occasions sp\u00e9ciales. <\/p>\n<p>Le mug est emball\u00e9 dans un coffret cadeau.<\/p>\n","protected":false},"excerpt":{"rendered":"<p>Un mug Bambi de la marque DISNEY\u00ae. Ce charmant mug de Magical Beginnings c\u00e9l\u00e8bre l&rsquo;enchantement de Bambi, l&rsquo;un des personnages les plus embl\u00e9matiques de Disney. La porcelaine blanche a une finition brillante et pr\u00e9sente un croquis original du film classique de Disney, ainsi que l&rsquo;inscription \u00ab R\u00eaves et souhaits \u00bb en lettres dor\u00e9es. Il est [&hellip;]<\/p>\n","protected":false},"featured_media":337142,"comment_status":"open","ping_status":"closed","template":"","meta":[],"product_cat":[29],"product_tag":[],"aioseo_notices":[],"jetpack_sharing_enabled":true,"_links":{"self":[{"href":"https:\/\/pop-co.fr\/index.php\/wp-json\/wp\/v2\/product\/187987"}],"collection":[{"href":"https:\/\/pop-co.fr\/index.php\/wp-json\/wp\/v2\/product"}],"about":[{"href":"https:\/\/pop-co.fr\/index.php\/wp-json\/wp\/v2\/types\/product"}],"replies":[{"embeddable":true,"href":"https:\/\/pop-co.fr\/index.php\/wp-json\/wp\/v2\/comments?post=187987"}],"version-history":[{"count":0,"href":"https:\/\/pop-co.fr\/index.php\/wp-json\/wp\/v2\/product\/187987\/revisions"}],"wp:featuredmedia":[{"embeddable":true,"href":"https:\/\/pop-co.fr\/index.php\/wp-json\/wp\/v2\/media\/337142"}],"wp:attachment":[{"href":"https:\/\/pop-co.fr\/index.php\/wp-json\/wp\/v2\/media?parent=187987"}],"wp:term":[{"taxonomy":"product_cat","embeddable":true,"href":"https:\/\/pop-co.fr\/index.php\/wp-json\/wp\/v2\/product_cat?post=187987"},{"taxonomy":"product_tag","embeddable":true,"href":"https:\/\/pop-co.fr\/index.php\/wp-json\/wp\/v2\/product_tag?post=187987"}],"curies":[{"name":"wp","href":"https:\/\/api.w.org\/{rel}","templated":true}]}}