{"id":188332,"date":"2024-10-24T11:41:06","date_gmt":"2024-10-24T09:41:06","guid":{"rendered":"https:\/\/pop-co.fr\/index.php\/product\/bouteille-lumineuse-disney-cruella-101-dalmatiens-2\/"},"modified":"2025-09-09T13:57:21","modified_gmt":"2025-09-09T11:57:21","slug":"bouteille-lumineuse-disney-cruella-101-dalmatiens-2","status":"publish","type":"product","link":"https:\/\/pop-co.fr\/index.php\/product\/bouteille-lumineuse-disney-cruella-101-dalmatiens-2\/","title":{"rendered":"BOUTEILLE LUMINEUSE &#8211; DISNEY &#8211; Cruella (101 dalmatiens)"},"content":{"rendered":"<p>Un bocal lumineux Cruella de DISNEY\u00ae.<\/p>\n<p>Ce bocal exceptionnel est incroyablement color\u00e9 et met en lumi\u00e8re les m\u00e9chants aux couleurs vives.<\/p>\n<p>Le bocal en verre transparent pr\u00e9sente une image imprim\u00e9e de la Cruella des 101 Dalmatiens, avec le titre \u00ab Absolutely Beastly \u00bb, un fond int\u00e9rieur en papier, un ruban rouge autour du cou et un couvercle de fermeture en li\u00e8ge. Ses lumi\u00e8res LED internes illuminent les espaces de vie des fans de Disney de tous \u00e2ges.<\/p>\n<p>Le pot est emball\u00e9 dans une bo\u00eete de marque.<\/p>\n","protected":false},"excerpt":{"rendered":"<p>Un bocal lumineux Cruella de DISNEY\u00ae. Ce bocal exceptionnel est incroyablement color\u00e9 et met en lumi\u00e8re les m\u00e9chants aux couleurs vives. Le bocal en verre transparent pr\u00e9sente une image imprim\u00e9e de la Cruella des 101 Dalmatiens, avec le titre \u00ab Absolutely Beastly \u00bb, un fond int\u00e9rieur en papier, un ruban rouge autour du cou et [&hellip;]<\/p>\n","protected":false},"featured_media":358332,"comment_status":"open","ping_status":"closed","template":"","meta":[],"product_cat":[29],"product_tag":[],"aioseo_notices":[],"jetpack_sharing_enabled":true,"_links":{"self":[{"href":"https:\/\/pop-co.fr\/index.php\/wp-json\/wp\/v2\/product\/188332"}],"collection":[{"href":"https:\/\/pop-co.fr\/index.php\/wp-json\/wp\/v2\/product"}],"about":[{"href":"https:\/\/pop-co.fr\/index.php\/wp-json\/wp\/v2\/types\/product"}],"replies":[{"embeddable":true,"href":"https:\/\/pop-co.fr\/index.php\/wp-json\/wp\/v2\/comments?post=188332"}],"version-history":[{"count":3,"href":"https:\/\/pop-co.fr\/index.php\/wp-json\/wp\/v2\/product\/188332\/revisions"}],"predecessor-version":[{"id":358335,"href":"https:\/\/pop-co.fr\/index.php\/wp-json\/wp\/v2\/product\/188332\/revisions\/358335"}],"wp:featuredmedia":[{"embeddable":true,"href":"https:\/\/pop-co.fr\/index.php\/wp-json\/wp\/v2\/media\/358332"}],"wp:attachment":[{"href":"https:\/\/pop-co.fr\/index.php\/wp-json\/wp\/v2\/media?parent=188332"}],"wp:term":[{"taxonomy":"product_cat","embeddable":true,"href":"https:\/\/pop-co.fr\/index.php\/wp-json\/wp\/v2\/product_cat?post=188332"},{"taxonomy":"product_tag","embeddable":true,"href":"https:\/\/pop-co.fr\/index.php\/wp-json\/wp\/v2\/product_tag?post=188332"}],"curies":[{"name":"wp","href":"https:\/\/api.w.org\/{rel}","templated":true}]}}