{"id":1892,"date":"2024-02-20T17:50:57","date_gmt":"2024-02-20T16:50:57","guid":{"rendered":"https:\/\/pop-co.fr\/index.php\/product\/dr-stone-asagiri-gen-figurine-18cm\/"},"modified":"2025-06-28T13:15:42","modified_gmt":"2025-06-28T11:15:42","slug":"dr-stone-asagiri-gen-figurine-18cm","status":"publish","type":"product","link":"https:\/\/pop-co.fr\/index.php\/product\/dr-stone-asagiri-gen-figurine-18cm\/","title":{"rendered":"DR STONE &#8211; Asagiri Gen &#8211; Figurine 18cm"},"content":{"rendered":"<p>FiguartsZERO 18cm<br \/>\nComposition : PVC<\/p>\n<p>Statuette en PVC haute qualit\u00e9, taille env. 18 cm, en emballage bo\u00eete-fen\u00eatre. Mod\u00e8le de la collection FiguartsZERO, fabriqu\u00e9 par Tamashii Nations.<\/p>\n","protected":false},"excerpt":{"rendered":"<p>FiguartsZERO 18cm Composition : PVC Statuette en PVC haute qualit\u00e9, taille env. 18 cm, en emballage bo\u00eete-fen\u00eatre. Mod\u00e8le de la collection FiguartsZERO, fabriqu\u00e9 par Tamashii Nations.<\/p>\n","protected":false},"featured_media":347367,"comment_status":"open","ping_status":"closed","template":"","meta":[],"product_cat":[18,17],"product_tag":[],"aioseo_notices":[],"jetpack_sharing_enabled":true,"_links":{"self":[{"href":"https:\/\/pop-co.fr\/index.php\/wp-json\/wp\/v2\/product\/1892"}],"collection":[{"href":"https:\/\/pop-co.fr\/index.php\/wp-json\/wp\/v2\/product"}],"about":[{"href":"https:\/\/pop-co.fr\/index.php\/wp-json\/wp\/v2\/types\/product"}],"replies":[{"embeddable":true,"href":"https:\/\/pop-co.fr\/index.php\/wp-json\/wp\/v2\/comments?post=1892"}],"version-history":[{"count":0,"href":"https:\/\/pop-co.fr\/index.php\/wp-json\/wp\/v2\/product\/1892\/revisions"}],"wp:featuredmedia":[{"embeddable":true,"href":"https:\/\/pop-co.fr\/index.php\/wp-json\/wp\/v2\/media\/347367"}],"wp:attachment":[{"href":"https:\/\/pop-co.fr\/index.php\/wp-json\/wp\/v2\/media?parent=1892"}],"wp:term":[{"taxonomy":"product_cat","embeddable":true,"href":"https:\/\/pop-co.fr\/index.php\/wp-json\/wp\/v2\/product_cat?post=1892"},{"taxonomy":"product_tag","embeddable":true,"href":"https:\/\/pop-co.fr\/index.php\/wp-json\/wp\/v2\/product_tag?post=1892"}],"curies":[{"name":"wp","href":"https:\/\/api.w.org\/{rel}","templated":true}]}}