{"id":1894,"date":"2024-02-20T17:50:59","date_gmt":"2024-02-20T16:50:59","guid":{"rendered":"https:\/\/pop-co.fr\/index.php\/product\/pot-marvel-groot-pot-a-crayons-ou-fleurs\/"},"modified":"2025-06-28T13:15:44","modified_gmt":"2025-06-28T11:15:44","slug":"pot-marvel-groot-pot-a-crayons-ou-fleurs","status":"publish","type":"product","link":"https:\/\/pop-co.fr\/index.php\/product\/pot-marvel-groot-pot-a-crayons-ou-fleurs\/","title":{"rendered":"POT &#8211; MARVEL &#8211; Groot (pot \u00e0 crayons ou fleurs)"},"content":{"rendered":"<p>Laissez Groot faire pousser vos plantes avec ce pot \u00e0 crayons et \u00e0 plantes Groot.<\/p>\n<p>Ce pot polyvalent en c\u00e9ramique de 15,2 cm de haut a la forme de Groot dans Les Gardiens de la Galaxie. Sa t\u00eate en forme d&rsquo;arbre est mont\u00e9e sur ses \u00e9paules et ses bras, avec une main pos\u00e9e et l&rsquo;autre reposant sur sa joue. Avec un petit sourire doux sur le visage, Groot vous regardera depuis n&rsquo;importe quelle \u00e9tag\u00e8re ou table.<\/p>\n<p>Utilisez la jardini\u00e8re d&rsquo;int\u00e9rieur pour faire pousser vos petites plantes d&rsquo;int\u00e9rieur et succulentes pr\u00e9f\u00e9r\u00e9es. Il peut \u00e9galement \u00eatre utilis\u00e9 comme pot de papeterie sur votre bureau pour ranger vos stylos, crayons et autres.<\/p>\n<p>Le pot \u00e0 stylos et \u00e0 plantes Groot est la pi\u00e8ce d\u00e9corative parfaite pour les fans de Marvel et des Gardiens de la Galaxie.<\/p>\n<p>Laissez Groot faire pousser vos plantes<br \/>\nPot de 15,2 cm de haut<br \/>\nRangez vos stylos ou utilisez-les comme pot de fleurs<br \/>\nProduit Marvel sous licence officielle<\/p>\n","protected":false},"excerpt":{"rendered":"<p>Laissez Groot faire pousser vos plantes avec ce pot \u00e0 crayons et \u00e0 plantes Groot. Ce pot polyvalent en c\u00e9ramique de 15,2 cm de haut a la forme de Groot dans Les Gardiens de la Galaxie. Sa t\u00eate en forme d&rsquo;arbre est mont\u00e9e sur ses \u00e9paules et ses bras, avec une main pos\u00e9e et l&rsquo;autre [&hellip;]<\/p>\n","protected":false},"featured_media":149178,"comment_status":"open","ping_status":"closed","template":"","meta":[],"product_cat":[39],"product_tag":[],"aioseo_notices":[],"jetpack_sharing_enabled":true,"_links":{"self":[{"href":"https:\/\/pop-co.fr\/index.php\/wp-json\/wp\/v2\/product\/1894"}],"collection":[{"href":"https:\/\/pop-co.fr\/index.php\/wp-json\/wp\/v2\/product"}],"about":[{"href":"https:\/\/pop-co.fr\/index.php\/wp-json\/wp\/v2\/types\/product"}],"replies":[{"embeddable":true,"href":"https:\/\/pop-co.fr\/index.php\/wp-json\/wp\/v2\/comments?post=1894"}],"version-history":[{"count":0,"href":"https:\/\/pop-co.fr\/index.php\/wp-json\/wp\/v2\/product\/1894\/revisions"}],"wp:featuredmedia":[{"embeddable":true,"href":"https:\/\/pop-co.fr\/index.php\/wp-json\/wp\/v2\/media\/149178"}],"wp:attachment":[{"href":"https:\/\/pop-co.fr\/index.php\/wp-json\/wp\/v2\/media?parent=1894"}],"wp:term":[{"taxonomy":"product_cat","embeddable":true,"href":"https:\/\/pop-co.fr\/index.php\/wp-json\/wp\/v2\/product_cat?post=1894"},{"taxonomy":"product_tag","embeddable":true,"href":"https:\/\/pop-co.fr\/index.php\/wp-json\/wp\/v2\/product_tag?post=1894"}],"curies":[{"name":"wp","href":"https:\/\/api.w.org\/{rel}","templated":true}]}}