{"id":190665,"date":"2024-10-26T14:52:30","date_gmt":"2024-10-26T12:52:30","guid":{"rendered":"https:\/\/pop-co.fr\/index.php\/product\/naruto-sasuke-uchiha-extra-battle-figurine-20cm\/"},"modified":"2025-09-10T15:27:42","modified_gmt":"2025-09-10T13:27:42","slug":"naruto-sasuke-uchiha-extra-battle-figurine-20cm","status":"publish","type":"product","link":"https:\/\/pop-co.fr\/index.php\/product\/naruto-sasuke-uchiha-extra-battle-figurine-20cm\/","title":{"rendered":"NARUTO &#8211; Sasuke Uchiha extra battle &#8211; Figurine 20cm"},"content":{"rendered":"<p>Statuette FiguartsZERO 20cm<br \/>\nComposition : PVC<\/p>\n<p>Statuette en PVC haute qualit\u00e9, taille env. 20 cm, en emballage bo\u00eete-fen\u00eatre. Mod\u00e8le de la collection FiguartsZERO, fabriqu\u00e9 par Tamashii Nations.<\/p>\n","protected":false},"excerpt":{"rendered":"<p>Statuette FiguartsZERO 20cm Composition : PVC Statuette en PVC haute qualit\u00e9, taille env. 20 cm, en emballage bo\u00eete-fen\u00eatre. Mod\u00e8le de la collection FiguartsZERO, fabriqu\u00e9 par Tamashii Nations.<\/p>\n","protected":false},"featured_media":358368,"comment_status":"open","ping_status":"closed","template":"","meta":[],"product_cat":[17,21],"product_tag":[],"aioseo_notices":[],"jetpack_sharing_enabled":true,"_links":{"self":[{"href":"https:\/\/pop-co.fr\/index.php\/wp-json\/wp\/v2\/product\/190665"}],"collection":[{"href":"https:\/\/pop-co.fr\/index.php\/wp-json\/wp\/v2\/product"}],"about":[{"href":"https:\/\/pop-co.fr\/index.php\/wp-json\/wp\/v2\/types\/product"}],"replies":[{"embeddable":true,"href":"https:\/\/pop-co.fr\/index.php\/wp-json\/wp\/v2\/comments?post=190665"}],"version-history":[{"count":0,"href":"https:\/\/pop-co.fr\/index.php\/wp-json\/wp\/v2\/product\/190665\/revisions"}],"wp:featuredmedia":[{"embeddable":true,"href":"https:\/\/pop-co.fr\/index.php\/wp-json\/wp\/v2\/media\/358368"}],"wp:attachment":[{"href":"https:\/\/pop-co.fr\/index.php\/wp-json\/wp\/v2\/media?parent=190665"}],"wp:term":[{"taxonomy":"product_cat","embeddable":true,"href":"https:\/\/pop-co.fr\/index.php\/wp-json\/wp\/v2\/product_cat?post=190665"},{"taxonomy":"product_tag","embeddable":true,"href":"https:\/\/pop-co.fr\/index.php\/wp-json\/wp\/v2\/product_tag?post=190665"}],"curies":[{"name":"wp","href":"https:\/\/api.w.org\/{rel}","templated":true}]}}