{"id":191122,"date":"2024-10-26T14:54:22","date_gmt":"2024-10-26T12:54:22","guid":{"rendered":"https:\/\/pop-co.fr\/index.php\/product\/theatre-de-papier-ghibli-mon-voisin-totoro\/"},"modified":"2025-06-28T12:32:41","modified_gmt":"2025-06-28T10:32:41","slug":"theatre-de-papier-ghibli-mon-voisin-totoro","status":"publish","type":"product","link":"https:\/\/pop-co.fr\/index.php\/product\/theatre-de-papier-ghibli-mon-voisin-totoro\/","title":{"rendered":"THEATRE DE PAPIER &#8211; GHIBLI &#8211; Mon voisin Totoro"},"content":{"rendered":"<p>Explorez la magie de \u00ab\u00a0Mon Voisin Totoro\u00a0\u00bb avec ce superbe th\u00e9\u00e2tre de papier repr\u00e9sentant Totoro.<\/p>\n<p>Fabriqu\u00e9 avec des mat\u00e9riaux de haute qualit\u00e9, ce th\u00e9\u00e2tre de papier au style bois est non seulement un objet de collection magnifique, mais aussi un hommage \u00e9l\u00e9gant \u00e0 l&rsquo;un des films les plus aim\u00e9s de Studio Ghibli. Placez-le sur votre \u00e9tag\u00e8re, votre bureau ou m\u00eame accrochez-le au mur pour ajouter une touche de magie \u00e0 votre d\u00e9cor.<\/p>\n<p>Que vous soyez un fan inconditionnel de \u00ab\u00a0Mon Voisin Totoro\u00a0\u00bb ou simplement \u00e0 la recherche d&rsquo;un objet d\u00e9coratif unique, ce th\u00e9\u00e2tre de papier est un choix parfait. Plongez dans l&rsquo;univers fantastique de Studio Ghibli avec cette pi\u00e8ce charmante et captivante !<\/p>\n<p>Procurez-vous d\u00e8s maintenant ce th\u00e9\u00e2tre de papier Totoro et laissez-vous transporter dans le monde magique de \u00ab\u00a0Mon Voisin Totoro\u00a0\u00bb !<\/p>\n<p>Dimensions :<br \/>\n10.00cm (Longueur) 4.20cm (Largeur) 15.20cm (Hauteur)<\/p>\n","protected":false},"excerpt":{"rendered":"<p>Explorez la magie de \u00ab\u00a0Mon Voisin Totoro\u00a0\u00bb avec ce superbe th\u00e9\u00e2tre de papier repr\u00e9sentant Totoro. Fabriqu\u00e9 avec des mat\u00e9riaux de haute qualit\u00e9, ce th\u00e9\u00e2tre de papier au style bois est non seulement un objet de collection magnifique, mais aussi un hommage \u00e9l\u00e9gant \u00e0 l&rsquo;un des films les plus aim\u00e9s de Studio Ghibli. Placez-le sur votre [&hellip;]<\/p>\n","protected":false},"featured_media":282971,"comment_status":"open","ping_status":"closed","template":"","meta":[],"product_cat":[17,19],"product_tag":[],"aioseo_notices":[],"jetpack_sharing_enabled":true,"_links":{"self":[{"href":"https:\/\/pop-co.fr\/index.php\/wp-json\/wp\/v2\/product\/191122"}],"collection":[{"href":"https:\/\/pop-co.fr\/index.php\/wp-json\/wp\/v2\/product"}],"about":[{"href":"https:\/\/pop-co.fr\/index.php\/wp-json\/wp\/v2\/types\/product"}],"replies":[{"embeddable":true,"href":"https:\/\/pop-co.fr\/index.php\/wp-json\/wp\/v2\/comments?post=191122"}],"version-history":[{"count":0,"href":"https:\/\/pop-co.fr\/index.php\/wp-json\/wp\/v2\/product\/191122\/revisions"}],"wp:featuredmedia":[{"embeddable":true,"href":"https:\/\/pop-co.fr\/index.php\/wp-json\/wp\/v2\/media\/282971"}],"wp:attachment":[{"href":"https:\/\/pop-co.fr\/index.php\/wp-json\/wp\/v2\/media?parent=191122"}],"wp:term":[{"taxonomy":"product_cat","embeddable":true,"href":"https:\/\/pop-co.fr\/index.php\/wp-json\/wp\/v2\/product_cat?post=191122"},{"taxonomy":"product_tag","embeddable":true,"href":"https:\/\/pop-co.fr\/index.php\/wp-json\/wp\/v2\/product_tag?post=191122"}],"curies":[{"name":"wp","href":"https:\/\/api.w.org\/{rel}","templated":true}]}}