{"id":192420,"date":"2024-10-30T15:46:36","date_gmt":"2024-10-30T14:46:36","guid":{"rendered":"https:\/\/pop-co.fr\/index.php\/product\/naruto-hyuga-neji-figurine-10cm\/"},"modified":"2025-07-29T12:05:52","modified_gmt":"2025-07-29T10:05:52","slug":"naruto-hyuga-neji-figurine-10cm","status":"publish","type":"product","link":"https:\/\/pop-co.fr\/index.php\/product\/naruto-hyuga-neji-figurine-10cm\/","title":{"rendered":"NARUTO &#8211; Hyuuga Neji &#8211; Figurine 10cm"},"content":{"rendered":"<p>NARUTO &#8211; Hyuga Neji &#8211; Figurine Memorable Saga 10cm<br \/>\nComposition : PVC<\/p>\n<p>La figurine de Hyuga Neji de la collection \u00ab\u00a0Memorable Saga\u00a0\u00bb de 10 cm offre une repr\u00e9sentation captivante de ce personnage embl\u00e9matique de Naruto. Neji est pr\u00e9sent\u00e9 dans une pose embl\u00e9matique qui capture \u00e0 la fois sa d\u00e9termination et sa ma\u00eetrise de son art martial unique, le Byakugan.<\/p>\n<p>Cette figurine met en valeur les d\u00e9tails remarquables de Neji, des traits pr\u00e9cis de son visage \u00e0 la pr\u00e9cision de sa tenue, refl\u00e9tant fid\u00e8lement son caract\u00e8re tel qu&rsquo;on le conna\u00eet dans la s\u00e9rie. Que vous soyez un fan d\u00e9vou\u00e9 de Naruto ou un collectionneur passionn\u00e9 de figurines, cette pi\u00e8ce est un ajout essentiel \u00e0 votre collection.<\/p>\n<p>Neji, avec son talent extraordinaire et son engagement envers ses convictions, apporte une dimension m\u00e9morable \u00e0 votre collection. Cette figurine est non seulement une repr\u00e9sentation fid\u00e8le du personnage, mais aussi un hommage \u00e0 l&rsquo;univers captivant de Naruto.<\/p>\n<p>Offrez-vous cette figurine de Neji de la collection \u00ab\u00a0Memorable Saga\u00a0\u00bb pour ajouter une dose de d\u00e9termination et de force \u00e0 votre collection Naruto. Plongez-vous dans l&rsquo;univers riche et passionnant de ce personnage m\u00e9morable \u00e0 travers cette repr\u00e9sentation artistique exceptionnelle.<\/p>\n","protected":false},"excerpt":{"rendered":"<p>NARUTO &#8211; Hyuga Neji &#8211; Figurine Memorable Saga 10cm Composition : PVC La figurine de Hyuga Neji de la collection \u00ab\u00a0Memorable Saga\u00a0\u00bb de 10 cm offre une repr\u00e9sentation captivante de ce personnage embl\u00e9matique de Naruto. Neji est pr\u00e9sent\u00e9 dans une pose embl\u00e9matique qui capture \u00e0 la fois sa d\u00e9termination et sa ma\u00eetrise de son art [&hellip;]<\/p>\n","protected":false},"featured_media":356722,"comment_status":"open","ping_status":"closed","template":"","meta":[],"product_cat":[17,21],"product_tag":[],"aioseo_notices":[],"jetpack_sharing_enabled":true,"_links":{"self":[{"href":"https:\/\/pop-co.fr\/index.php\/wp-json\/wp\/v2\/product\/192420"}],"collection":[{"href":"https:\/\/pop-co.fr\/index.php\/wp-json\/wp\/v2\/product"}],"about":[{"href":"https:\/\/pop-co.fr\/index.php\/wp-json\/wp\/v2\/types\/product"}],"replies":[{"embeddable":true,"href":"https:\/\/pop-co.fr\/index.php\/wp-json\/wp\/v2\/comments?post=192420"}],"version-history":[{"count":0,"href":"https:\/\/pop-co.fr\/index.php\/wp-json\/wp\/v2\/product\/192420\/revisions"}],"wp:featuredmedia":[{"embeddable":true,"href":"https:\/\/pop-co.fr\/index.php\/wp-json\/wp\/v2\/media\/356722"}],"wp:attachment":[{"href":"https:\/\/pop-co.fr\/index.php\/wp-json\/wp\/v2\/media?parent=192420"}],"wp:term":[{"taxonomy":"product_cat","embeddable":true,"href":"https:\/\/pop-co.fr\/index.php\/wp-json\/wp\/v2\/product_cat?post=192420"},{"taxonomy":"product_tag","embeddable":true,"href":"https:\/\/pop-co.fr\/index.php\/wp-json\/wp\/v2\/product_tag?post=192420"}],"curies":[{"name":"wp","href":"https:\/\/api.w.org\/{rel}","templated":true}]}}