{"id":192425,"date":"2024-10-30T15:46:37","date_gmt":"2024-10-30T14:46:37","guid":{"rendered":"https:\/\/pop-co.fr\/index.php\/product\/sac-a-dos-loungefly-pokemon-starters-1g-kanto\/"},"modified":"2025-07-29T12:06:04","modified_gmt":"2025-07-29T10:06:04","slug":"sac-a-dos-loungefly-pokemon-starters-1g-kanto","status":"publish","type":"product","link":"https:\/\/pop-co.fr\/index.php\/product\/sac-a-dos-loungefly-pokemon-starters-1g-kanto\/","title":{"rendered":"SAC A DOS LOUNGEFLY &#8211; POKEMON &#8211; Starters 1G Kanto"},"content":{"rendered":"<p>Pourquoi choisir un Pok\u00e9mon quand on peut les avoir tous ? Ce mini sac \u00e0 dos est orn\u00e9 de cinq Pok\u00e9mon pr\u00e9f\u00e9r\u00e9s des fans dans son design color\u00e9. Regarde bien et tu trouveras Pikachu, Bulbasaur, Squirtle, Charmander et Eevee ! Ce mini sac \u00e0 dos offre suffisamment d&rsquo;espace pour ranger tes accessoires d&rsquo;entra\u00eenement et constitue un compl\u00e9ment adorable \u00e0 n&rsquo;importe quelle tenue.<\/p>\n<p>Caract\u00e9ristiques :<\/p>\n<p>Cuir v\u00e9g\u00e9talien (polyur\u00e9thane)<br \/>\nBretelles r\u00e9glables<br \/>\nPoche avant zipp\u00e9e<br \/>\nPoches lat\u00e9rales<br \/>\nAccessoires argent\u00e9s brillants<br \/>\nD\u00e9tails gaufr\u00e9s et imprim\u00e9s<br \/>\nDoublure int\u00e9rieure coordonn\u00e9e<\/p>\n","protected":false},"excerpt":{"rendered":"<p>Pourquoi choisir un Pok\u00e9mon quand on peut les avoir tous ? Ce mini sac \u00e0 dos est orn\u00e9 de cinq Pok\u00e9mon pr\u00e9f\u00e9r\u00e9s des fans dans son design color\u00e9. Regarde bien et tu trouveras Pikachu, Bulbasaur, Squirtle, Charmander et Eevee ! Ce mini sac \u00e0 dos offre suffisamment d&rsquo;espace pour ranger tes accessoires d&rsquo;entra\u00eenement et constitue [&hellip;]<\/p>\n","protected":false},"featured_media":356728,"comment_status":"open","ping_status":"closed","template":"","meta":[],"product_cat":[47,48],"product_tag":[],"aioseo_notices":[],"jetpack_sharing_enabled":true,"_links":{"self":[{"href":"https:\/\/pop-co.fr\/index.php\/wp-json\/wp\/v2\/product\/192425"}],"collection":[{"href":"https:\/\/pop-co.fr\/index.php\/wp-json\/wp\/v2\/product"}],"about":[{"href":"https:\/\/pop-co.fr\/index.php\/wp-json\/wp\/v2\/types\/product"}],"replies":[{"embeddable":true,"href":"https:\/\/pop-co.fr\/index.php\/wp-json\/wp\/v2\/comments?post=192425"}],"version-history":[{"count":0,"href":"https:\/\/pop-co.fr\/index.php\/wp-json\/wp\/v2\/product\/192425\/revisions"}],"wp:featuredmedia":[{"embeddable":true,"href":"https:\/\/pop-co.fr\/index.php\/wp-json\/wp\/v2\/media\/356728"}],"wp:attachment":[{"href":"https:\/\/pop-co.fr\/index.php\/wp-json\/wp\/v2\/media?parent=192425"}],"wp:term":[{"taxonomy":"product_cat","embeddable":true,"href":"https:\/\/pop-co.fr\/index.php\/wp-json\/wp\/v2\/product_cat?post=192425"},{"taxonomy":"product_tag","embeddable":true,"href":"https:\/\/pop-co.fr\/index.php\/wp-json\/wp\/v2\/product_tag?post=192425"}],"curies":[{"name":"wp","href":"https:\/\/api.w.org\/{rel}","templated":true}]}}