{"id":192432,"date":"2024-10-30T15:46:38","date_gmt":"2024-10-30T14:46:38","guid":{"rendered":"https:\/\/pop-co.fr\/index.php\/product\/sac-a-dos-loungefly-nbx-journey-to-christmas\/"},"modified":"2025-06-28T12:11:52","modified_gmt":"2025-06-28T10:11:52","slug":"sac-a-dos-loungefly-nbx-journey-to-christmas","status":"publish","type":"product","link":"https:\/\/pop-co.fr\/index.php\/product\/sac-a-dos-loungefly-nbx-journey-to-christmas\/","title":{"rendered":"SAC A DOS LOUNGEFLY &#8211; NBX &#8211; Journey To Christmas"},"content":{"rendered":"<p>On monte, on descend et on tourne ! Jack et Sally font un tour dans la ville de No\u00ebl gr\u00e2ce \u00e0 ce mini-sac \u00e0 dos fantaisiste. Faites glisser le train d&rsquo;avant en arri\u00e8re pour mettre les choses en mouvement, et baissez les lumi\u00e8res pour assister \u00e0 un spectacle nocturne \u00e9tincelant ! Cet accessoire est un compl\u00e9ment festif \u00e0 n&rsquo;importe quelle tenue et inspirera l&rsquo;esprit de No\u00ebl partout o\u00f9 vous irez.<\/p>\n<p>Caract\u00e9ristiques :<\/p>\n<p>Cuir v\u00e9g\u00e9talien (polyur\u00e9thane)<br \/>\nBretelles r\u00e9glables<br \/>\nPoche avant zipp\u00e9e<br \/>\nMat\u00e9riel dor\u00e9 brillant<br \/>\nD\u00e9tails appliqu\u00e9s, gaufr\u00e9s, phosphorescents et imprim\u00e9s<br \/>\nDoublure int\u00e9rieure coordonn\u00e9e<\/p>\n","protected":false},"excerpt":{"rendered":"<p>On monte, on descend et on tourne ! Jack et Sally font un tour dans la ville de No\u00ebl gr\u00e2ce \u00e0 ce mini-sac \u00e0 dos fantaisiste. Faites glisser le train d&rsquo;avant en arri\u00e8re pour mettre les choses en mouvement, et baissez les lumi\u00e8res pour assister \u00e0 un spectacle nocturne \u00e9tincelant ! Cet accessoire est un [&hellip;]<\/p>\n","protected":false},"featured_media":348188,"comment_status":"open","ping_status":"closed","template":"","meta":[],"product_cat":[48,47],"product_tag":[],"aioseo_notices":[],"jetpack_sharing_enabled":true,"_links":{"self":[{"href":"https:\/\/pop-co.fr\/index.php\/wp-json\/wp\/v2\/product\/192432"}],"collection":[{"href":"https:\/\/pop-co.fr\/index.php\/wp-json\/wp\/v2\/product"}],"about":[{"href":"https:\/\/pop-co.fr\/index.php\/wp-json\/wp\/v2\/types\/product"}],"replies":[{"embeddable":true,"href":"https:\/\/pop-co.fr\/index.php\/wp-json\/wp\/v2\/comments?post=192432"}],"version-history":[{"count":0,"href":"https:\/\/pop-co.fr\/index.php\/wp-json\/wp\/v2\/product\/192432\/revisions"}],"wp:featuredmedia":[{"embeddable":true,"href":"https:\/\/pop-co.fr\/index.php\/wp-json\/wp\/v2\/media\/348188"}],"wp:attachment":[{"href":"https:\/\/pop-co.fr\/index.php\/wp-json\/wp\/v2\/media?parent=192432"}],"wp:term":[{"taxonomy":"product_cat","embeddable":true,"href":"https:\/\/pop-co.fr\/index.php\/wp-json\/wp\/v2\/product_cat?post=192432"},{"taxonomy":"product_tag","embeddable":true,"href":"https:\/\/pop-co.fr\/index.php\/wp-json\/wp\/v2\/product_tag?post=192432"}],"curies":[{"name":"wp","href":"https:\/\/api.w.org\/{rel}","templated":true}]}}