{"id":192438,"date":"2024-10-30T15:46:39","date_gmt":"2024-10-30T14:46:39","guid":{"rendered":"https:\/\/pop-co.fr\/index.php\/product\/one-piece-yamato\/"},"modified":"2025-07-09T09:53:27","modified_gmt":"2025-07-09T07:53:27","slug":"one-piece-yamato","status":"publish","type":"product","link":"https:\/\/pop-co.fr\/index.php\/product\/one-piece-yamato\/","title":{"rendered":"ONE PIECE &#8211; Yamato &#8211; Figurine 21cm"},"content":{"rendered":"<p>ONE PIECE &#8211; Yamato \u00ab\u00a0Bounty Rush 5th Anniv.\u00a0\u00bb &#8211; Statue FiguartsZERO 21cm<br \/>\nComposition : PVC<\/p>\n<p>Statuette en PVC haute qualit\u00e9, taille env. 21 cm, en emballage bo\u00eete-fen\u00eatre. Mod\u00e8le de la collection FiguartsZERO, fabriqu\u00e9 par Tamashii Nations.<\/p>\n","protected":false},"excerpt":{"rendered":"<p>ONE PIECE &#8211; Yamato \u00ab\u00a0Bounty Rush 5th Anniv.\u00a0\u00bb &#8211; Statue FiguartsZERO 21cm Composition : PVC Statuette en PVC haute qualit\u00e9, taille env. 21 cm, en emballage bo\u00eete-fen\u00eatre. Mod\u00e8le de la collection FiguartsZERO, fabriqu\u00e9 par Tamashii Nations.<\/p>\n","protected":false},"featured_media":354011,"comment_status":"open","ping_status":"closed","template":"","meta":[],"product_cat":[17,22],"product_tag":[],"aioseo_notices":[],"jetpack_sharing_enabled":true,"_links":{"self":[{"href":"https:\/\/pop-co.fr\/index.php\/wp-json\/wp\/v2\/product\/192438"}],"collection":[{"href":"https:\/\/pop-co.fr\/index.php\/wp-json\/wp\/v2\/product"}],"about":[{"href":"https:\/\/pop-co.fr\/index.php\/wp-json\/wp\/v2\/types\/product"}],"replies":[{"embeddable":true,"href":"https:\/\/pop-co.fr\/index.php\/wp-json\/wp\/v2\/comments?post=192438"}],"version-history":[{"count":0,"href":"https:\/\/pop-co.fr\/index.php\/wp-json\/wp\/v2\/product\/192438\/revisions"}],"wp:featuredmedia":[{"embeddable":true,"href":"https:\/\/pop-co.fr\/index.php\/wp-json\/wp\/v2\/media\/354011"}],"wp:attachment":[{"href":"https:\/\/pop-co.fr\/index.php\/wp-json\/wp\/v2\/media?parent=192438"}],"wp:term":[{"taxonomy":"product_cat","embeddable":true,"href":"https:\/\/pop-co.fr\/index.php\/wp-json\/wp\/v2\/product_cat?post=192438"},{"taxonomy":"product_tag","embeddable":true,"href":"https:\/\/pop-co.fr\/index.php\/wp-json\/wp\/v2\/product_tag?post=192438"}],"curies":[{"name":"wp","href":"https:\/\/api.w.org\/{rel}","templated":true}]}}