{"id":192442,"date":"2024-10-30T15:46:42","date_gmt":"2024-10-30T14:46:42","guid":{"rendered":"https:\/\/pop-co.fr\/index.php\/product\/studio-ghibli-bottes-de-mei-mon-voisin-totoro-diorama-planter-13cm\/"},"modified":"2025-06-28T12:11:34","modified_gmt":"2025-06-28T10:11:34","slug":"studio-ghibli-bottes-de-mei-mon-voisin-totoro-diorama-planter-13cm","status":"publish","type":"product","link":"https:\/\/pop-co.fr\/index.php\/product\/studio-ghibli-bottes-de-mei-mon-voisin-totoro-diorama-planter-13cm\/","title":{"rendered":"GHIBLI &#8211; Bottes de Mei (Mon voisin Totoro) &#8211; Diorama Planter 13cm"},"content":{"rendered":"<p>Apportez une touche de l&rsquo;univers f\u00e9\u00e9rique de Mon Voisin Totoro \u00e0 votre d\u00e9coration int\u00e9rieure avec le diorama planter Bottes de Mei. Ce pot de plante de 13 cm de hauteur, inspir\u00e9 des bottes adorables de Mei, est parfait pour les fans de l&rsquo;univers magique de Studio Ghibli.<br \/>\nAjoutez le diorama planter Bottes de Mei de 13 cm \u00e0 votre collection et laissez la magie de Mon Voisin Totoro \u00e9gayer votre int\u00e9rieur. Offrez-vous ou \u00e0 un \u00eatre cher ce diorama enchanteur et fonctionnel, parfait pour tous les fans de l\u2019univers merveilleux de Studio Ghibli !<\/p>\n","protected":false},"excerpt":{"rendered":"<p>Apportez une touche de l&rsquo;univers f\u00e9\u00e9rique de Mon Voisin Totoro \u00e0 votre d\u00e9coration int\u00e9rieure avec le diorama planter Bottes de Mei. Ce pot de plante de 13 cm de hauteur, inspir\u00e9 des bottes adorables de Mei, est parfait pour les fans de l&rsquo;univers magique de Studio Ghibli. Ajoutez le diorama planter Bottes de Mei de [&hellip;]<\/p>\n","protected":false},"featured_media":260574,"comment_status":"open","ping_status":"closed","template":"","meta":[],"product_cat":[17,19],"product_tag":[],"aioseo_notices":[],"jetpack_sharing_enabled":true,"_links":{"self":[{"href":"https:\/\/pop-co.fr\/index.php\/wp-json\/wp\/v2\/product\/192442"}],"collection":[{"href":"https:\/\/pop-co.fr\/index.php\/wp-json\/wp\/v2\/product"}],"about":[{"href":"https:\/\/pop-co.fr\/index.php\/wp-json\/wp\/v2\/types\/product"}],"replies":[{"embeddable":true,"href":"https:\/\/pop-co.fr\/index.php\/wp-json\/wp\/v2\/comments?post=192442"}],"version-history":[{"count":0,"href":"https:\/\/pop-co.fr\/index.php\/wp-json\/wp\/v2\/product\/192442\/revisions"}],"wp:featuredmedia":[{"embeddable":true,"href":"https:\/\/pop-co.fr\/index.php\/wp-json\/wp\/v2\/media\/260574"}],"wp:attachment":[{"href":"https:\/\/pop-co.fr\/index.php\/wp-json\/wp\/v2\/media?parent=192442"}],"wp:term":[{"taxonomy":"product_cat","embeddable":true,"href":"https:\/\/pop-co.fr\/index.php\/wp-json\/wp\/v2\/product_cat?post=192442"},{"taxonomy":"product_tag","embeddable":true,"href":"https:\/\/pop-co.fr\/index.php\/wp-json\/wp\/v2\/product_tag?post=192442"}],"curies":[{"name":"wp","href":"https:\/\/api.w.org\/{rel}","templated":true}]}}