{"id":192445,"date":"2024-10-30T15:46:43","date_gmt":"2024-10-30T14:46:43","guid":{"rendered":"https:\/\/pop-co.fr\/index.php\/product\/bitty-pop-pixar-monstres-et-compagnie\/"},"modified":"2025-06-28T12:11:28","modified_gmt":"2025-06-28T10:11:28","slug":"bitty-pop-pixar-monstres-et-compagnie","status":"publish","type":"product","link":"https:\/\/pop-co.fr\/index.php\/product\/bitty-pop-pixar-monstres-et-compagnie\/","title":{"rendered":"BITTY POP &#8211; PIXAR &#8211; Monstres et Compagnie"},"content":{"rendered":"<p>Vos Pops ! pr\u00e9f\u00e9r\u00e9s ont \u00e9t\u00e9 r\u00e9tr\u00e9cis en Bitty Pops ! \u00c9largissez votre collection Disney Pixar avec cet assortiment de figurines Bitty Pop ! \u00e0 l&rsquo;effigie de vos personnages anim\u00e9s les plus appr\u00e9ci\u00e9s ! Ce paquet de 4 comprend Bitty Pop ! Sulley, Bitty Pop ! Boo, Bitty Pop ! Mike Wazowski, et une figurine Bitty Pop ! myst\u00e8re. Les figurines Bitty Pop ! myst\u00e8res possibles sont Hyper Rare (1\/6) Russell, Hyper Rare (1\/6) Zurg, Rare (1\/3) Celia, et Rare (1\/3) WALL-E avec l&rsquo;extincteur. Les Bitty Pops ! sont emball\u00e9s dans des bo\u00eetes en acrylique dur avec des couvercles inf\u00e9rieurs amovibles. Les couvercles d\u00e9tachables servent \u00e9galement de bases acryliques sur lesquelles les figurines Bitty Pop ! sont coll\u00e9es. Triez et rangez vos Bitty Pops ! \u00e0 l&rsquo;aide de la vitrine incluse ! Les vitrines en acrylique sont empilables et peuvent contenir quatre figurines Bitty Pop ! chacune. Les figurines en vinyle mesurent environ 2,2 cm. Quatre figurines par paquet. Avertissement : Risque d&rsquo;\u00e9touffement. Les objets de collection sont petits. Ne conviennent pas aux enfants de moins de 3 ans. La s\u00e9lection des articles est al\u00e9atoire, car chaque pi\u00e8ce est emball\u00e9e \u00e0 l&rsquo;aveugle. Nous ne pouvons pas accepter les demandes d&rsquo;articles sp\u00e9cifiques. Il se peut que vous receviez des figurines en double.<\/p>\n","protected":false},"excerpt":{"rendered":"<p>Vos Pops ! pr\u00e9f\u00e9r\u00e9s ont \u00e9t\u00e9 r\u00e9tr\u00e9cis en Bitty Pops ! \u00c9largissez votre collection Disney Pixar avec cet assortiment de figurines Bitty Pop ! \u00e0 l&rsquo;effigie de vos personnages anim\u00e9s les plus appr\u00e9ci\u00e9s ! Ce paquet de 4 comprend Bitty Pop ! Sulley, Bitty Pop ! Boo, Bitty Pop ! Mike Wazowski, et une figurine [&hellip;]<\/p>\n","protected":false},"featured_media":275340,"comment_status":"open","ping_status":"closed","template":"","meta":[],"product_cat":[29],"product_tag":[],"aioseo_notices":[],"jetpack_sharing_enabled":true,"_links":{"self":[{"href":"https:\/\/pop-co.fr\/index.php\/wp-json\/wp\/v2\/product\/192445"}],"collection":[{"href":"https:\/\/pop-co.fr\/index.php\/wp-json\/wp\/v2\/product"}],"about":[{"href":"https:\/\/pop-co.fr\/index.php\/wp-json\/wp\/v2\/types\/product"}],"replies":[{"embeddable":true,"href":"https:\/\/pop-co.fr\/index.php\/wp-json\/wp\/v2\/comments?post=192445"}],"version-history":[{"count":0,"href":"https:\/\/pop-co.fr\/index.php\/wp-json\/wp\/v2\/product\/192445\/revisions"}],"wp:featuredmedia":[{"embeddable":true,"href":"https:\/\/pop-co.fr\/index.php\/wp-json\/wp\/v2\/media\/275340"}],"wp:attachment":[{"href":"https:\/\/pop-co.fr\/index.php\/wp-json\/wp\/v2\/media?parent=192445"}],"wp:term":[{"taxonomy":"product_cat","embeddable":true,"href":"https:\/\/pop-co.fr\/index.php\/wp-json\/wp\/v2\/product_cat?post=192445"},{"taxonomy":"product_tag","embeddable":true,"href":"https:\/\/pop-co.fr\/index.php\/wp-json\/wp\/v2\/product_tag?post=192445"}],"curies":[{"name":"wp","href":"https:\/\/api.w.org\/{rel}","templated":true}]}}