{"id":192446,"date":"2024-10-30T15:46:43","date_gmt":"2024-10-30T14:46:43","guid":{"rendered":"https:\/\/pop-co.fr\/index.php\/product\/sac-a-dos-loungefly-pokemon-holiday-pikachu\/"},"modified":"2025-07-29T12:06:11","modified_gmt":"2025-07-29T10:06:11","slug":"sac-a-dos-loungefly-pokemon-holiday-pikachu","status":"publish","type":"product","link":"https:\/\/pop-co.fr\/index.php\/product\/sac-a-dos-loungefly-pokemon-holiday-pikachu\/","title":{"rendered":"SAC A DOS LOUNGEFLY &#8211; POKEMON &#8211; Holiday Pikachu"},"content":{"rendered":"<p>Souhaits d&rsquo;hiver chaleureux pour des vacances lumineuses et brillantes ! Pikachu est pr\u00eat \u00e0 se joindre \u00e0 vos festivit\u00e9s puisqu&rsquo;il appara\u00eet sur ce mini sac \u00e0 dos. V\u00eatu d&rsquo;un chapeau rouge, il tient une guirlande de lumi\u00e8res color\u00e9es qui s&rsquo;illuminent. Ajoutez cet accessoire \u00e0 vos r\u00e9jouissances pour donner une touche de gaiet\u00e9 aux traditions hivernales !<\/p>\n<p>Caract\u00e9ristiques :<\/p>\n<p>Cuir v\u00e9g\u00e9talien (polyur\u00e9thane)<br \/>\nBretelles r\u00e9glables<br \/>\nPoches lat\u00e9rales<br \/>\nQuincaillerie argent\u00e9e brillante<br \/>\nAppliques, lumi\u00e8re en fibre optique et d\u00e9tails imprim\u00e9s<br \/>\nD\u00e9tails int\u00e9rieurs coordonn\u00e9s<\/p>\n","protected":false},"excerpt":{"rendered":"<p>Souhaits d&rsquo;hiver chaleureux pour des vacances lumineuses et brillantes ! Pikachu est pr\u00eat \u00e0 se joindre \u00e0 vos festivit\u00e9s puisqu&rsquo;il appara\u00eet sur ce mini sac \u00e0 dos. V\u00eatu d&rsquo;un chapeau rouge, il tient une guirlande de lumi\u00e8res color\u00e9es qui s&rsquo;illuminent. Ajoutez cet accessoire \u00e0 vos r\u00e9jouissances pour donner une touche de gaiet\u00e9 aux traditions hivernales [&hellip;]<\/p>\n","protected":false},"featured_media":356731,"comment_status":"open","ping_status":"closed","template":"","meta":[],"product_cat":[48,47],"product_tag":[],"aioseo_notices":[],"jetpack_sharing_enabled":true,"_links":{"self":[{"href":"https:\/\/pop-co.fr\/index.php\/wp-json\/wp\/v2\/product\/192446"}],"collection":[{"href":"https:\/\/pop-co.fr\/index.php\/wp-json\/wp\/v2\/product"}],"about":[{"href":"https:\/\/pop-co.fr\/index.php\/wp-json\/wp\/v2\/types\/product"}],"replies":[{"embeddable":true,"href":"https:\/\/pop-co.fr\/index.php\/wp-json\/wp\/v2\/comments?post=192446"}],"version-history":[{"count":0,"href":"https:\/\/pop-co.fr\/index.php\/wp-json\/wp\/v2\/product\/192446\/revisions"}],"wp:featuredmedia":[{"embeddable":true,"href":"https:\/\/pop-co.fr\/index.php\/wp-json\/wp\/v2\/media\/356731"}],"wp:attachment":[{"href":"https:\/\/pop-co.fr\/index.php\/wp-json\/wp\/v2\/media?parent=192446"}],"wp:term":[{"taxonomy":"product_cat","embeddable":true,"href":"https:\/\/pop-co.fr\/index.php\/wp-json\/wp\/v2\/product_cat?post=192446"},{"taxonomy":"product_tag","embeddable":true,"href":"https:\/\/pop-co.fr\/index.php\/wp-json\/wp\/v2\/product_tag?post=192446"}],"curies":[{"name":"wp","href":"https:\/\/api.w.org\/{rel}","templated":true}]}}