{"id":192451,"date":"2024-10-30T15:46:43","date_gmt":"2024-10-30T14:46:43","guid":{"rendered":"https:\/\/pop-co.fr\/index.php\/product\/sac-bandouliere-wednesday-machine-a-ecrire\/"},"modified":"2025-07-29T12:06:34","modified_gmt":"2025-07-29T10:06:34","slug":"sac-bandouliere-wednesday-machine-a-ecrire","status":"publish","type":"product","link":"https:\/\/pop-co.fr\/index.php\/product\/sac-bandouliere-wednesday-machine-a-ecrire\/","title":{"rendered":"SAC BANDOULIERE LOUNGEFLY &#8211; WEDNESDAY &#8211; Machine \u00e0 \u00e9crire"},"content":{"rendered":"<p>Une machine \u00e0 \u00e9crire en d\u00e9placement ? Quelle id\u00e9e originale ! Reprenant la forme de la machine \u00e0 \u00e9crire de mercredi, ce sac \u00e0 bandouli\u00e8re est orn\u00e9 de d\u00e9tails gaufr\u00e9s et de feuilles d&rsquo;aluminium pour mettre en valeur la m\u00e9canique. Vous trouverez m\u00eame la Chose \u00e0 proximit\u00e9, pr\u00eate \u00e0 intervenir pour \u00e9crire un mot ou deux. Que vous tapiez des histoires de fant\u00f4mes ou que vous documentiez votre derni\u00e8re affaire, cet accessoire vous permettra de faire face \u00e0 toutes les situations.<br \/>\nCaract\u00e9ristiques :<br \/>\nCuir v\u00e9g\u00e9talien (polyur\u00e9thane)<br \/>\nBandouli\u00e8re r\u00e9glable (d\u00e9tachable)<br \/>\nPoign\u00e9e sup\u00e9rieure<br \/>\nFermeture \u00e0 glissi\u00e8re<br \/>\nQuincaillerie dor\u00e9e \u00e0 l&rsquo;ancienne<br \/>\nBreloque de fermeture \u00e9clair en silicone<br \/>\nD\u00e9tails appliqu\u00e9s, gaufr\u00e9s, en feuille de bronze et imprim\u00e9s<br \/>\nDoublure int\u00e9rieure coordonn\u00e9e<\/p>\n","protected":false},"excerpt":{"rendered":"<p>Une machine \u00e0 \u00e9crire en d\u00e9placement ? Quelle id\u00e9e originale ! Reprenant la forme de la machine \u00e0 \u00e9crire de mercredi, ce sac \u00e0 bandouli\u00e8re est orn\u00e9 de d\u00e9tails gaufr\u00e9s et de feuilles d&rsquo;aluminium pour mettre en valeur la m\u00e9canique. Vous trouverez m\u00eame la Chose \u00e0 proximit\u00e9, pr\u00eate \u00e0 intervenir pour \u00e9crire un mot ou [&hellip;]<\/p>\n","protected":false},"featured_media":356744,"comment_status":"open","ping_status":"closed","template":"","meta":[],"product_cat":[47,48],"product_tag":[],"aioseo_notices":[],"jetpack_sharing_enabled":true,"_links":{"self":[{"href":"https:\/\/pop-co.fr\/index.php\/wp-json\/wp\/v2\/product\/192451"}],"collection":[{"href":"https:\/\/pop-co.fr\/index.php\/wp-json\/wp\/v2\/product"}],"about":[{"href":"https:\/\/pop-co.fr\/index.php\/wp-json\/wp\/v2\/types\/product"}],"replies":[{"embeddable":true,"href":"https:\/\/pop-co.fr\/index.php\/wp-json\/wp\/v2\/comments?post=192451"}],"version-history":[{"count":0,"href":"https:\/\/pop-co.fr\/index.php\/wp-json\/wp\/v2\/product\/192451\/revisions"}],"wp:featuredmedia":[{"embeddable":true,"href":"https:\/\/pop-co.fr\/index.php\/wp-json\/wp\/v2\/media\/356744"}],"wp:attachment":[{"href":"https:\/\/pop-co.fr\/index.php\/wp-json\/wp\/v2\/media?parent=192451"}],"wp:term":[{"taxonomy":"product_cat","embeddable":true,"href":"https:\/\/pop-co.fr\/index.php\/wp-json\/wp\/v2\/product_cat?post=192451"},{"taxonomy":"product_tag","embeddable":true,"href":"https:\/\/pop-co.fr\/index.php\/wp-json\/wp\/v2\/product_tag?post=192451"}],"curies":[{"name":"wp","href":"https:\/\/api.w.org\/{rel}","templated":true}]}}