{"id":192457,"date":"2024-10-30T15:46:44","date_gmt":"2024-10-30T14:46:44","guid":{"rendered":"https:\/\/pop-co.fr\/index.php\/product\/dessous-de-verre-x4-disney-stitch\/"},"modified":"2025-06-28T12:10:58","modified_gmt":"2025-06-28T10:10:58","slug":"dessous-de-verre-x4-disney-stitch","status":"publish","type":"product","link":"https:\/\/pop-co.fr\/index.php\/product\/dessous-de-verre-x4-disney-stitch\/","title":{"rendered":"DESSOUS DE VERRE X4 &#8211; DISNEY &#8211; Stitch"},"content":{"rendered":"<p>Apportez une touche d&rsquo;exotisme et de fun \u00e0 vos pauses caf\u00e9 ou repas avec ce set de 4 sous verres Stitch inspir\u00e9 du c\u00e9l\u00e8bre film d&rsquo;animation Disney, Lilo &amp; Stitch. Parfaits pour les fans de Stitch, ces sous verres allient praticit\u00e9 et style pour prot\u00e9ger vos surfaces tout en ajoutant une note color\u00e9e \u00e0 votre d\u00e9coration.<br \/>\nAjoutez une touche d&rsquo;originalit\u00e9 et de protection \u00e0 votre maison avec ce set de 4 sous verres Stitch. Ces sous verres de haute qualit\u00e9 sont parfaits pour ceux qui souhaitent allier fonctionnalit\u00e9 et design dans leur quotidien. Ne manquez pas l\u2019opportunit\u00e9 de donner un peu de magie hawa\u00efenne \u00e0 vos pauses boisson.<\/p>\n","protected":false},"excerpt":{"rendered":"<p>Apportez une touche d&rsquo;exotisme et de fun \u00e0 vos pauses caf\u00e9 ou repas avec ce set de 4 sous verres Stitch inspir\u00e9 du c\u00e9l\u00e8bre film d&rsquo;animation Disney, Lilo &amp; Stitch. Parfaits pour les fans de Stitch, ces sous verres allient praticit\u00e9 et style pour prot\u00e9ger vos surfaces tout en ajoutant une note color\u00e9e \u00e0 votre [&hellip;]<\/p>\n","protected":false},"featured_media":330956,"comment_status":"open","ping_status":"closed","template":"","meta":[],"product_cat":[30],"product_tag":[],"aioseo_notices":[],"jetpack_sharing_enabled":true,"_links":{"self":[{"href":"https:\/\/pop-co.fr\/index.php\/wp-json\/wp\/v2\/product\/192457"}],"collection":[{"href":"https:\/\/pop-co.fr\/index.php\/wp-json\/wp\/v2\/product"}],"about":[{"href":"https:\/\/pop-co.fr\/index.php\/wp-json\/wp\/v2\/types\/product"}],"replies":[{"embeddable":true,"href":"https:\/\/pop-co.fr\/index.php\/wp-json\/wp\/v2\/comments?post=192457"}],"version-history":[{"count":0,"href":"https:\/\/pop-co.fr\/index.php\/wp-json\/wp\/v2\/product\/192457\/revisions"}],"wp:featuredmedia":[{"embeddable":true,"href":"https:\/\/pop-co.fr\/index.php\/wp-json\/wp\/v2\/media\/330956"}],"wp:attachment":[{"href":"https:\/\/pop-co.fr\/index.php\/wp-json\/wp\/v2\/media?parent=192457"}],"wp:term":[{"taxonomy":"product_cat","embeddable":true,"href":"https:\/\/pop-co.fr\/index.php\/wp-json\/wp\/v2\/product_cat?post=192457"},{"taxonomy":"product_tag","embeddable":true,"href":"https:\/\/pop-co.fr\/index.php\/wp-json\/wp\/v2\/product_tag?post=192457"}],"curies":[{"name":"wp","href":"https:\/\/api.w.org\/{rel}","templated":true}]}}