{"id":1931,"date":"2024-02-20T17:51:41","date_gmt":"2024-02-20T16:51:41","guid":{"rendered":"https:\/\/pop-co.fr\/index.php\/product\/disney-lilo-et-stitch-figurine-10cm\/"},"modified":"2025-06-28T13:16:06","modified_gmt":"2025-06-28T11:16:06","slug":"disney-lilo-et-stitch-figurine-10cm","status":"publish","type":"product","link":"https:\/\/pop-co.fr\/index.php\/product\/disney-lilo-et-stitch-figurine-10cm\/","title":{"rendered":"DISNEY &#8211; Lilo et Stitch &#8211; Figurine 10cm"},"content":{"rendered":"<p>DISNEY &#8211; Lilo &#038; Stitch &#8211; Diorama D-Stage 100 Years of Wonder 10cm<\/p>\n<p>Dans le cadre du lancement de la s\u00e9rie de produits \u00ab\u00a0100 ans de merveilles\u00a0\u00bb, deux nouveaux mod\u00e8les ont \u00e9t\u00e9 soigneusement s\u00e9lectionn\u00e9s et lanc\u00e9s en deuxi\u00e8me vague en r\u00e9ponse aux r\u00e9actions enthousiastes des fans. \u00cates-vous enthousiaste \u00e0 l&rsquo;id\u00e9e de vous joindre \u00e0 nous pour cette c\u00e9l\u00e9bration ?<\/p>\n<p>La s\u00e9rie D-Stage \u00ab\u00a0\u00a0\u00bbStaging Your Dreams\u00a0\u00bb\u00a0\u00bb La s\u00e9rie D-Stage des c\u00e9l\u00e9brations du centenaire de Disney associe des sc\u00e8nes des films d&rsquo;animation \u00e0 des cadres de timbres-poste. Rompant avec le mod\u00e8le plat des timbres, les sc\u00e8nes classiques des animations sont pr\u00e9sent\u00e9es dans un design tridimensionnel, illustrant de mani\u00e8re vivante le charme des personnages. La s\u00e9rie Disney Centennial Celebration a une grande valeur comm\u00e9morative et chaque produit est un must-have !<\/p>\n<p>Composition : PVC<\/p>\n","protected":false},"excerpt":{"rendered":"<p>DISNEY &#8211; Lilo &#038; Stitch &#8211; Diorama D-Stage 100 Years of Wonder 10cm Dans le cadre du lancement de la s\u00e9rie de produits \u00ab\u00a0100 ans de merveilles\u00a0\u00bb, deux nouveaux mod\u00e8les ont \u00e9t\u00e9 soigneusement s\u00e9lectionn\u00e9s et lanc\u00e9s en deuxi\u00e8me vague en r\u00e9ponse aux r\u00e9actions enthousiastes des fans. \u00cates-vous enthousiaste \u00e0 l&rsquo;id\u00e9e de vous joindre \u00e0 nous [&hellip;]<\/p>\n","protected":false},"featured_media":260406,"comment_status":"open","ping_status":"closed","template":"","meta":[],"product_cat":[30],"product_tag":[],"aioseo_notices":[],"jetpack_sharing_enabled":true,"_links":{"self":[{"href":"https:\/\/pop-co.fr\/index.php\/wp-json\/wp\/v2\/product\/1931"}],"collection":[{"href":"https:\/\/pop-co.fr\/index.php\/wp-json\/wp\/v2\/product"}],"about":[{"href":"https:\/\/pop-co.fr\/index.php\/wp-json\/wp\/v2\/types\/product"}],"replies":[{"embeddable":true,"href":"https:\/\/pop-co.fr\/index.php\/wp-json\/wp\/v2\/comments?post=1931"}],"version-history":[{"count":0,"href":"https:\/\/pop-co.fr\/index.php\/wp-json\/wp\/v2\/product\/1931\/revisions"}],"wp:featuredmedia":[{"embeddable":true,"href":"https:\/\/pop-co.fr\/index.php\/wp-json\/wp\/v2\/media\/260406"}],"wp:attachment":[{"href":"https:\/\/pop-co.fr\/index.php\/wp-json\/wp\/v2\/media?parent=1931"}],"wp:term":[{"taxonomy":"product_cat","embeddable":true,"href":"https:\/\/pop-co.fr\/index.php\/wp-json\/wp\/v2\/product_cat?post=1931"},{"taxonomy":"product_tag","embeddable":true,"href":"https:\/\/pop-co.fr\/index.php\/wp-json\/wp\/v2\/product_tag?post=1931"}],"curies":[{"name":"wp","href":"https:\/\/api.w.org\/{rel}","templated":true}]}}