{"id":193483,"date":"2024-10-31T16:10:52","date_gmt":"2024-10-31T15:10:52","guid":{"rendered":"https:\/\/pop-co.fr\/index.php\/product\/tarot-nbx-letrange-noel-de-m-jack\/"},"modified":"2025-06-28T12:10:29","modified_gmt":"2025-06-28T10:10:29","slug":"tarot-nbx-letrange-noel-de-m-jack","status":"publish","type":"product","link":"https:\/\/pop-co.fr\/index.php\/product\/tarot-nbx-letrange-noel-de-m-jack\/","title":{"rendered":"TAROT &#8211; NBX &#8211; L\u2019\u00e9trange No\u00ebl de M. Jack"},"content":{"rendered":"<p>Un jeu de 78 cartes magnifiquement illustr\u00e9es et son guide d&rsquo;interpr\u00e9tation dans un coffret avec marquage \u00e0 chaud.<\/p>\n<p>Nouvelle \u00e9dition limit\u00e9e \u00e0 4000 exemplaires !<\/p>\n","protected":false},"excerpt":{"rendered":"<p>Un jeu de 78 cartes magnifiquement illustr\u00e9es et son guide d&rsquo;interpr\u00e9tation dans un coffret avec marquage \u00e0 chaud. Nouvelle \u00e9dition limit\u00e9e \u00e0 4000 exemplaires !<\/p>\n","protected":false},"featured_media":212421,"comment_status":"open","ping_status":"closed","template":"","meta":[],"product_cat":[31],"product_tag":[],"aioseo_notices":[],"jetpack_sharing_enabled":true,"_links":{"self":[{"href":"https:\/\/pop-co.fr\/index.php\/wp-json\/wp\/v2\/product\/193483"}],"collection":[{"href":"https:\/\/pop-co.fr\/index.php\/wp-json\/wp\/v2\/product"}],"about":[{"href":"https:\/\/pop-co.fr\/index.php\/wp-json\/wp\/v2\/types\/product"}],"replies":[{"embeddable":true,"href":"https:\/\/pop-co.fr\/index.php\/wp-json\/wp\/v2\/comments?post=193483"}],"version-history":[{"count":0,"href":"https:\/\/pop-co.fr\/index.php\/wp-json\/wp\/v2\/product\/193483\/revisions"}],"wp:featuredmedia":[{"embeddable":true,"href":"https:\/\/pop-co.fr\/index.php\/wp-json\/wp\/v2\/media\/212421"}],"wp:attachment":[{"href":"https:\/\/pop-co.fr\/index.php\/wp-json\/wp\/v2\/media?parent=193483"}],"wp:term":[{"taxonomy":"product_cat","embeddable":true,"href":"https:\/\/pop-co.fr\/index.php\/wp-json\/wp\/v2\/product_cat?post=193483"},{"taxonomy":"product_tag","embeddable":true,"href":"https:\/\/pop-co.fr\/index.php\/wp-json\/wp\/v2\/product_tag?post=193483"}],"curies":[{"name":"wp","href":"https:\/\/api.w.org\/{rel}","templated":true}]}}