{"id":194563,"date":"2024-11-01T16:42:39","date_gmt":"2024-11-01T15:42:39","guid":{"rendered":"https:\/\/pop-co.fr\/index.php\/product\/masque-sommeil-disney-malefique-2\/"},"modified":"2025-09-01T14:00:19","modified_gmt":"2025-09-01T12:00:19","slug":"masque-sommeil-disney-malefique-2","status":"publish","type":"product","link":"https:\/\/pop-co.fr\/index.php\/product\/masque-sommeil-disney-malefique-2\/","title":{"rendered":"MASQUE SOMMEIL &#8211; DISNEY &#8211; Mal\u00e9fique"},"content":{"rendered":"<p>Montrez-leur qui est le patron avec ce masque de sommeil Mal\u00e9fique \u00e0 cornes diaboliques. Personne ne peut vous emp\u00eacher de passer une bonne nuit de sommeil ! Utilisez ce masque de sommeil doux pour bloquer la lumi\u00e8re et vous aider \u00e0 passer une nuit reposante.<\/p>\n","protected":false},"excerpt":{"rendered":"<p>Montrez-leur qui est le patron avec ce masque de sommeil Mal\u00e9fique \u00e0 cornes diaboliques. Personne ne peut vous emp\u00eacher de passer une bonne nuit de sommeil ! Utilisez ce masque de sommeil doux pour bloquer la lumi\u00e8re et vous aider \u00e0 passer une nuit reposante.<\/p>\n","protected":false},"featured_media":358008,"comment_status":"open","ping_status":"closed","template":"","meta":[],"product_cat":[29],"product_tag":[],"aioseo_notices":[],"jetpack_sharing_enabled":true,"_links":{"self":[{"href":"https:\/\/pop-co.fr\/index.php\/wp-json\/wp\/v2\/product\/194563"}],"collection":[{"href":"https:\/\/pop-co.fr\/index.php\/wp-json\/wp\/v2\/product"}],"about":[{"href":"https:\/\/pop-co.fr\/index.php\/wp-json\/wp\/v2\/types\/product"}],"replies":[{"embeddable":true,"href":"https:\/\/pop-co.fr\/index.php\/wp-json\/wp\/v2\/comments?post=194563"}],"version-history":[{"count":1,"href":"https:\/\/pop-co.fr\/index.php\/wp-json\/wp\/v2\/product\/194563\/revisions"}],"predecessor-version":[{"id":353793,"href":"https:\/\/pop-co.fr\/index.php\/wp-json\/wp\/v2\/product\/194563\/revisions\/353793"}],"wp:featuredmedia":[{"embeddable":true,"href":"https:\/\/pop-co.fr\/index.php\/wp-json\/wp\/v2\/media\/358008"}],"wp:attachment":[{"href":"https:\/\/pop-co.fr\/index.php\/wp-json\/wp\/v2\/media?parent=194563"}],"wp:term":[{"taxonomy":"product_cat","embeddable":true,"href":"https:\/\/pop-co.fr\/index.php\/wp-json\/wp\/v2\/product_cat?post=194563"},{"taxonomy":"product_tag","embeddable":true,"href":"https:\/\/pop-co.fr\/index.php\/wp-json\/wp\/v2\/product_tag?post=194563"}],"curies":[{"name":"wp","href":"https:\/\/api.w.org\/{rel}","templated":true}]}}