{"id":194566,"date":"2024-11-01T16:42:48","date_gmt":"2024-11-01T15:42:48","guid":{"rendered":"https:\/\/pop-co.fr\/index.php\/product\/masque-sommeil-disney-ursula\/"},"modified":"2025-07-29T12:04:09","modified_gmt":"2025-07-29T10:04:09","slug":"masque-sommeil-disney-ursula","status":"publish","type":"product","link":"https:\/\/pop-co.fr\/index.php\/product\/masque-sommeil-disney-ursula\/","title":{"rendered":"MASQUE SOMMEIL &#8211; DISNEY &#8211; Ursula"},"content":{"rendered":"<p>R\u00eavez des sorts mal\u00e9fiques dans votre sommeil avec ce masque de sommeil imprim\u00e9 Ursula. Le tissu doux est doux pour votre peau mais son apparence peut tout de m\u00eame provoquer une r\u00e9action effrayante de la part de vos proches !<\/p>\n","protected":false},"excerpt":{"rendered":"<p>R\u00eavez des sorts mal\u00e9fiques dans votre sommeil avec ce masque de sommeil imprim\u00e9 Ursula. Le tissu doux est doux pour votre peau mais son apparence peut tout de m\u00eame provoquer une r\u00e9action effrayante de la part de vos proches !<\/p>\n","protected":false},"featured_media":356693,"comment_status":"open","ping_status":"closed","template":"","meta":[],"product_cat":[29],"product_tag":[],"aioseo_notices":[],"jetpack_sharing_enabled":true,"_links":{"self":[{"href":"https:\/\/pop-co.fr\/index.php\/wp-json\/wp\/v2\/product\/194566"}],"collection":[{"href":"https:\/\/pop-co.fr\/index.php\/wp-json\/wp\/v2\/product"}],"about":[{"href":"https:\/\/pop-co.fr\/index.php\/wp-json\/wp\/v2\/types\/product"}],"replies":[{"embeddable":true,"href":"https:\/\/pop-co.fr\/index.php\/wp-json\/wp\/v2\/comments?post=194566"}],"version-history":[{"count":0,"href":"https:\/\/pop-co.fr\/index.php\/wp-json\/wp\/v2\/product\/194566\/revisions"}],"wp:featuredmedia":[{"embeddable":true,"href":"https:\/\/pop-co.fr\/index.php\/wp-json\/wp\/v2\/media\/356693"}],"wp:attachment":[{"href":"https:\/\/pop-co.fr\/index.php\/wp-json\/wp\/v2\/media?parent=194566"}],"wp:term":[{"taxonomy":"product_cat","embeddable":true,"href":"https:\/\/pop-co.fr\/index.php\/wp-json\/wp\/v2\/product_cat?post=194566"},{"taxonomy":"product_tag","embeddable":true,"href":"https:\/\/pop-co.fr\/index.php\/wp-json\/wp\/v2\/product_tag?post=194566"}],"curies":[{"name":"wp","href":"https:\/\/api.w.org\/{rel}","templated":true}]}}