{"id":1952,"date":"2024-02-20T17:52:04","date_gmt":"2024-02-20T16:52:04","guid":{"rendered":"https:\/\/pop-co.fr\/index.php\/product\/marvel-spider-punk-figurine-18cm\/"},"modified":"2025-06-28T13:16:16","modified_gmt":"2025-06-28T11:16:16","slug":"marvel-spider-punk-figurine-18cm","status":"publish","type":"product","link":"https:\/\/pop-co.fr\/index.php\/product\/marvel-spider-punk-figurine-18cm\/","title":{"rendered":"MARVEL &#8211; Spider-Punk &#8211; Figurine 18cm"},"content":{"rendered":"<p>Figurine 18cm<br \/>\nComposition : PVC<\/p>\n<p>Une sortie Diamond Select Toys ! Il est temps d&rsquo;entrer dans le Spider-Verse ! Faites le tour des clubs bruyants et bond\u00e9s de New York avec le Spider-Man le plus hardcore de tous, Spider-Punk ! Mesurant environ 18 cm de haut, cette sculpture du h\u00e9ros anticonformiste le montre entour\u00e9 de barbel\u00e9s, sa guitare en bandouli\u00e8re. Ce diorama de la galerie est fabriqu\u00e9 en PVC de haute qualit\u00e9 et pr\u00e9sente une sculpture et des applications de peinture d\u00e9taill\u00e9es. Il est emball\u00e9 dans une bo\u00eete \u00e0 fen\u00eatre en couleur. Con\u00e7u par Caesar, sculpt\u00e9 par Cortes Studios ! Anciennement une exclusivit\u00e9 GameStop.<\/p>\n<p>Bas\u00e9 sur le jeu PS4 \u00e0 succ\u00e8s<br \/>\nSculpture et peinture d\u00e9taill\u00e9es<br \/>\nBo\u00eete \u00e0 fen\u00eatre en couleur<br \/>\nCon\u00e7u par C\u00e9sar<br \/>\nSculpt\u00e9 par Cortes Studios<\/p>\n","protected":false},"excerpt":{"rendered":"<p>Figurine 18cm Composition : PVC Une sortie Diamond Select Toys ! Il est temps d&rsquo;entrer dans le Spider-Verse ! Faites le tour des clubs bruyants et bond\u00e9s de New York avec le Spider-Man le plus hardcore de tous, Spider-Punk ! Mesurant environ 18 cm de haut, cette sculpture du h\u00e9ros anticonformiste le montre entour\u00e9 de [&hellip;]<\/p>\n","protected":false},"featured_media":280128,"comment_status":"open","ping_status":"closed","template":"","meta":[],"product_cat":[29,63],"product_tag":[],"aioseo_notices":[],"jetpack_sharing_enabled":true,"_links":{"self":[{"href":"https:\/\/pop-co.fr\/index.php\/wp-json\/wp\/v2\/product\/1952"}],"collection":[{"href":"https:\/\/pop-co.fr\/index.php\/wp-json\/wp\/v2\/product"}],"about":[{"href":"https:\/\/pop-co.fr\/index.php\/wp-json\/wp\/v2\/types\/product"}],"replies":[{"embeddable":true,"href":"https:\/\/pop-co.fr\/index.php\/wp-json\/wp\/v2\/comments?post=1952"}],"version-history":[{"count":0,"href":"https:\/\/pop-co.fr\/index.php\/wp-json\/wp\/v2\/product\/1952\/revisions"}],"wp:featuredmedia":[{"embeddable":true,"href":"https:\/\/pop-co.fr\/index.php\/wp-json\/wp\/v2\/media\/280128"}],"wp:attachment":[{"href":"https:\/\/pop-co.fr\/index.php\/wp-json\/wp\/v2\/media?parent=1952"}],"wp:term":[{"taxonomy":"product_cat","embeddable":true,"href":"https:\/\/pop-co.fr\/index.php\/wp-json\/wp\/v2\/product_cat?post=1952"},{"taxonomy":"product_tag","embeddable":true,"href":"https:\/\/pop-co.fr\/index.php\/wp-json\/wp\/v2\/product_tag?post=1952"}],"curies":[{"name":"wp","href":"https:\/\/api.w.org\/{rel}","templated":true}]}}