{"id":196569,"date":"2024-11-06T11:03:03","date_gmt":"2024-11-06T10:03:03","guid":{"rendered":"https:\/\/pop-co.fr\/index.php\/product\/figurine-x4-hello-kitty-hello-kitty-et-friends\/"},"modified":"2025-06-28T12:10:00","modified_gmt":"2025-06-28T10:10:00","slug":"figurine-x4-hello-kitty-hello-kitty-et-friends","status":"publish","type":"product","link":"https:\/\/pop-co.fr\/index.php\/product\/figurine-x4-hello-kitty-hello-kitty-et-friends\/","title":{"rendered":"FIGURINE X4 &#8211; SANRIO &#8211; Hello Kitty et Friends"},"content":{"rendered":"<p>Apportez la magie et l&rsquo;adorabilit\u00e9 de l&rsquo;univers Hello Kitty chez vous avec ce Set de 4 Figurines Hello Kitty &amp; Friends. Parfaitement con\u00e7u pour capturer l&rsquo;esprit charmant et color\u00e9 de ces personnages bien-aim\u00e9s, ce set est un ajout pr\u00e9cieux \u00e0 toute collection.<br \/>\nApportez un \u00e9clat de douceur et de nostalgie \u00e0 votre collection avec ce Set de 4 Figurines Hello Kitty &amp; Friends. Ces figurines sont parfaites pour tous les fans de Hello Kitty, jeunes et moins jeunes, et constituent un ajout charmant \u00e0 toute collection.<\/p>\n","protected":false},"excerpt":{"rendered":"<p>Apportez la magie et l&rsquo;adorabilit\u00e9 de l&rsquo;univers Hello Kitty chez vous avec ce Set de 4 Figurines Hello Kitty &amp; Friends. Parfaitement con\u00e7u pour capturer l&rsquo;esprit charmant et color\u00e9 de ces personnages bien-aim\u00e9s, ce set est un ajout pr\u00e9cieux \u00e0 toute collection. Apportez un \u00e9clat de douceur et de nostalgie \u00e0 votre collection avec ce [&hellip;]<\/p>\n","protected":false},"featured_media":306138,"comment_status":"open","ping_status":"closed","template":"","meta":[],"product_cat":[17,80],"product_tag":[],"aioseo_notices":[],"jetpack_sharing_enabled":true,"_links":{"self":[{"href":"https:\/\/pop-co.fr\/index.php\/wp-json\/wp\/v2\/product\/196569"}],"collection":[{"href":"https:\/\/pop-co.fr\/index.php\/wp-json\/wp\/v2\/product"}],"about":[{"href":"https:\/\/pop-co.fr\/index.php\/wp-json\/wp\/v2\/types\/product"}],"replies":[{"embeddable":true,"href":"https:\/\/pop-co.fr\/index.php\/wp-json\/wp\/v2\/comments?post=196569"}],"version-history":[{"count":0,"href":"https:\/\/pop-co.fr\/index.php\/wp-json\/wp\/v2\/product\/196569\/revisions"}],"wp:featuredmedia":[{"embeddable":true,"href":"https:\/\/pop-co.fr\/index.php\/wp-json\/wp\/v2\/media\/306138"}],"wp:attachment":[{"href":"https:\/\/pop-co.fr\/index.php\/wp-json\/wp\/v2\/media?parent=196569"}],"wp:term":[{"taxonomy":"product_cat","embeddable":true,"href":"https:\/\/pop-co.fr\/index.php\/wp-json\/wp\/v2\/product_cat?post=196569"},{"taxonomy":"product_tag","embeddable":true,"href":"https:\/\/pop-co.fr\/index.php\/wp-json\/wp\/v2\/product_tag?post=196569"}],"curies":[{"name":"wp","href":"https:\/\/api.w.org\/{rel}","templated":true}]}}